{"id":134,"date":"2023-04-11T18:10:30","date_gmt":"2023-04-11T16:10:30","guid":{"rendered":"https:\/\/ambzagabria.esteri.it\/diplomazia-economica\/"},"modified":"2026-02-26T10:51:03","modified_gmt":"2026-02-26T09:51:03","slug":"diplomazia-economica","status":"publish","type":"page","link":"https:\/\/ambzagabria.esteri.it\/hr\/italia-e-croazia\/diplomazia-economica\/","title":{"rendered":"Gospodarska diplomacija"},"content":{"rendered":"<p><strong>Gospodarski i trgovinski odnosi izme\u0111u Italije i Hrvatske su izvrsni. <\/strong><\/p>\n<p>U Hrvatskoj je zabilje\u017eena prisutnost oko 300 tvrtki s potpuno talijanskim ili mje\u0161ovitim kapitalom. Posebno je zna\u010dajna talijanska prisutnost u financijskom i osiguravateljskom sektoru. Dvije vode\u0107e banke, Zagreba\u010dka banka i Privredna banka, pripadaju grupama UniCredit, odnosno Intesa Sanpaolo. Osim toga, Generali je va\u017ean akter u sektoru osiguranja. Ostali sektori u kojima djeluju talijanske tvrtke su: energetika, tekstilna industrija, drvna industrija i namje\u0161taj, metalurgija, turizam te pomorske usluge.<\/p>\n<p>Italija je i dalje jedan od najva\u017enijih trgovinskih partnera Hrvatske . U 2025. godini robna razmjena iznosila je vi\u0161e od 7,4 milijarde eura.<\/p>\n<p>DETALJNIJE INFORMACIJE:<\/p>\n<ul>\n<li>Ekonomsko-komercijalne informacije o Hrvatskoj: <a href=\"https:\/\/www.infomercatiesteri.it\/\" target=\"_blank\" rel=\"noopener\">Infomercatiesteri<\/a><\/li>\n<li>Natje\u010daji i veliki projekti: <a href=\"https:\/\/extender.esteri.it\/Sito\/appalti-internazionali-anticipazioni-grandi-progetti\" target=\"_blank\" rel=\"noopener\">ExTender<\/a><\/li>\n<li>Hrvatska: <a href=\"https:\/\/ambzagabria.esteri.it\/it\/italia-e-croazia\/diplomazia-economica\/quadro-congiunturale\/\" target=\"_blank\" rel=\"noopener\">gospodarsko stanje i kretanja<\/a><\/li>\n<li><a href=\"https:\/\/ccic.hr\/it\/\" target=\"_blank\" rel=\"noopener\">Talijansko-hrvatska gospodarska komora<\/a> (CCIC)<\/li>\n<li>Korisna dokumentacija: <a href=\"https:\/\/investcroatia.gov.hr\/wp-content\/uploads\/2021\/01\/Investment-Guide-2023.pdf\" target=\"_blank\" rel=\"noopener\">Croatia Investment Guide 2023<\/a><\/li>\n<li><a href=\"https:\/\/ambzagabria.esteri.it\/it\/italia-e-croazia\/diplomazia-economica\/bollettini-economici-a-cura-dellambasciata\/\" target=\"_blank\" rel=\"noopener\">Gospodarski bilteni Veleposlanstva Italije u Zagrebu<\/a><\/li>\n<li>Za podr\u0161ku koja se tra\u017ei od ekonomsko-komercijalnog odjela kliknite <a href=\"https:\/\/nexus.esteri.it\/\" target=\"_blank\" rel=\"noopener\">ovdje<\/a><\/li>\n<li>Priru\u010dnik za poslovne prilike za talijanske tvrtke \u2013 \u201e<a href=\"https:\/\/ambzagabria.esteri.it\/wp-content\/uploads\/2025\/05\/ambasciata_ita_cro_2025_final-low-rez_v2.pdf\" target=\"_blank\" rel=\"noopener\">Diplomacija rasta: odredi\u0161te Hrvatska<\/a>\u201c<\/li>\n<\/ul>\n<p><strong>\u00a0<\/strong><\/p>\n","protected":false},"excerpt":{"rendered":"Gospodarski i trgovinski odnosi izme\u0111u Italije i Hrvatske su izvrsni. U Hrvatskoj je zabilje\u017eena prisutnost oko 300 tvrtki s potpuno talijanskim ili mje\u0161ovitim kapitalom. Posebno je zna\u010dajna talijanska prisutnost u financijskom i osiguravateljskom sektoru. Dvije vode\u0107e banke, Zagreba\u010dka banka i Privredna banka, pripadaju grupama UniCredit, odnosno Intesa Sanpaolo. Osim toga, Generali je va\u017ean akter u [&hellip;]","protected":false},"author":1,"featured_media":0,"parent":148,"menu_order":0,"comment_status":"closed","ping_status":"closed","template":"","meta":{"footnotes":""},"class_list":["post-134","page","type-page","status-publish","hentry"],"_links":{"self":[{"href":"https:\/\/ambzagabria.esteri.it\/hr\/wp-json\/wp\/v2\/pages\/134","targetHints":{"allow":["GET"]}}],"collection":[{"href":"https:\/\/ambzagabria.esteri.it\/hr\/wp-json\/wp\/v2\/pages"}],"about":[{"href":"https:\/\/ambzagabria.esteri.it\/hr\/wp-json\/wp\/v2\/types\/page"}],"author":[{"embeddable":true,"href":"https:\/\/ambzagabria.esteri.it\/hr\/wp-json\/wp\/v2\/users\/1"}],"replies":[{"embeddable":true,"href":"https:\/\/ambzagabria.esteri.it\/hr\/wp-json\/wp\/v2\/comments?post=134"}],"version-history":[{"count":5,"href":"https:\/\/ambzagabria.esteri.it\/hr\/wp-json\/wp\/v2\/pages\/134\/revisions"}],"predecessor-version":[{"id":5182,"href":"https:\/\/ambzagabria.esteri.it\/hr\/wp-json\/wp\/v2\/pages\/134\/revisions\/5182"}],"up":[{"embeddable":true,"href":"https:\/\/ambzagabria.esteri.it\/hr\/wp-json\/wp\/v2\/pages\/148"}],"wp:attachment":[{"href":"https:\/\/ambzagabria.esteri.it\/hr\/wp-json\/wp\/v2\/media?parent=134"}],"curies":[{"name":"wp","href":"https:\/\/api.w.org\/{rel}","templated":true}]}}