{"id":143,"date":"2023-04-11T17:53:01","date_gmt":"2023-04-11T15:53:01","guid":{"rendered":"https:\/\/ambzagabria.esteri.it\/chi-siamo\/lambasciatore\/"},"modified":"2026-02-26T11:04:25","modified_gmt":"2026-02-26T10:04:25","slug":"lambasciatore","status":"publish","type":"page","link":"https:\/\/ambzagabria.esteri.it\/hr\/chi-siamo\/lambasciatore\/","title":{"rendered":"Veleposlanik"},"content":{"rendered":"<p><img loading=\"lazy\" decoding=\"async\" class=\"aligncenter\" src=\"https:\/\/ambzagabria.esteri.it\/wp-content\/uploads\/2024\/03\/Immagine-Amb.-Trichilo2-300x200.jpg\" alt=\"\" width=\"300\" height=\"200\" \/><\/p>\n<p style=\"text-align: center;\"><strong>Paolo Trichilo<\/strong><\/p>\n<p style=\"text-align: center;\"><strong>\u017divotopis<\/strong><\/p>\n<p>Ro\u0111en u Roma 12. kolovoza 1964., diplomirao je politi\u010dke znanosti na LUISS Guido Carli 1987. godine. Nakon polo\u017eenog ispita na natje\u010daju, 15. velja\u010de 1990. stupio je u diplomatsku slu\u017ebu.<\/p>\n<p>Nakon prve funkcije u Glavnoj upravi za politi\u010dke poslove Ministarstva, gdje se bavio pitanjima Organizacije za europsku sigurnost i suradnju (OESS\/OSCE) sudjeluju\u0107i na brojnim konferencijama, postao je konzul u Mulhouse, a od 1998. do 2001. obna\u0161ao je du\u017enost trgovinskog savjetnika u Ankari.<\/p>\n<p>Po povratku u Farnesinu, izme\u0111u 2001. i 2004. obna\u0161ao je sljede\u0107e du\u017enosti: zamjenik koordinatora za borbu protiv terorizma pri Glavnom tajni\u0161tvu; voditelj Radne skupine za Irak, izravno podre\u0111en glavnom direktoru za zemlje Mediterana i Bliskog istoka; zamjenik voditelja Krizne jedinice pri Glavnom tajni\u0161tvu.<\/p>\n<p>Zamjenik je \u0161efa misije u New Delhiju od 2004. do 2008. godine; kasnije postaje zamjenik Stalnog predstavnika pri OECD-u u Parizu.<\/p>\n<p>Godine 2012. vra\u0107a se u Rim kako bi preuzeo du\u017enost diplomatskog savjetnika ministra rada i socijalne politike.<\/p>\n<p>Veleposlanik je Italije u Ljubljani od sije\u010dnja 2016. do sije\u010dnja 2020. godine te se vra\u0107a u Ministarstvo vanjskih poslova kao zamjenik glavnog direktora za resurse i inovacije te kao direktor sektora za ljudske resurse.<\/p>\n<p>Godine 2024. imenovan je veleposlanikom Italije u Republici Hrvatskoj.<\/p>\n<p>Godine 2006. dodijeljeno mu je odlikovnje Viteza reda (Cavaliere Ufficiale) za zasluge Talijanske Republike.<\/p>\n<p>Prije stupanja u diplomatsku slu\u017ebu bio je asistent na Katedri za ljudska prava na Sveu\u010dili\u0161tu LUISS te pri\u010duvni potporu\u010dnik u postrojbi Karabinjera (Arma dei Carabinieri).<\/p>\n<p>Autor je brojnih publikacija, uklju\u010duju\u0107i \u201cPriru\u010dnik za obrazovanje o ljudskim pravima talijanskog Ministarstva vanjskih poslova i me\u0111unarodne suradnje (MAECI) \u201d.<\/p>\n<p>O\u017eenjen je i ima dvoje djece.<\/p>\n<p>&nbsp;<\/p>\n","protected":false},"excerpt":{"rendered":"Paolo Trichilo \u017divotopis Ro\u0111en u Roma 12. kolovoza 1964., diplomirao je politi\u010dke znanosti na LUISS Guido Carli 1987. godine. Nakon polo\u017eenog ispita na natje\u010daju, 15. velja\u010de 1990. stupio je u diplomatsku slu\u017ebu. Nakon prve funkcije u Glavnoj upravi za politi\u010dke poslove Ministarstva, gdje se bavio pitanjima Organizacije za europsku sigurnost i suradnju (OESS\/OSCE) sudjeluju\u0107i na [&hellip;]","protected":false},"author":1,"featured_media":0,"parent":127,"menu_order":0,"comment_status":"closed","ping_status":"closed","template":"","meta":{"footnotes":""},"class_list":["post-143","page","type-page","status-publish","hentry"],"_links":{"self":[{"href":"https:\/\/ambzagabria.esteri.it\/hr\/wp-json\/wp\/v2\/pages\/143","targetHints":{"allow":["GET"]}}],"collection":[{"href":"https:\/\/ambzagabria.esteri.it\/hr\/wp-json\/wp\/v2\/pages"}],"about":[{"href":"https:\/\/ambzagabria.esteri.it\/hr\/wp-json\/wp\/v2\/types\/page"}],"author":[{"embeddable":true,"href":"https:\/\/ambzagabria.esteri.it\/hr\/wp-json\/wp\/v2\/users\/1"}],"replies":[{"embeddable":true,"href":"https:\/\/ambzagabria.esteri.it\/hr\/wp-json\/wp\/v2\/comments?post=143"}],"version-history":[{"count":4,"href":"https:\/\/ambzagabria.esteri.it\/hr\/wp-json\/wp\/v2\/pages\/143\/revisions"}],"predecessor-version":[{"id":5208,"href":"https:\/\/ambzagabria.esteri.it\/hr\/wp-json\/wp\/v2\/pages\/143\/revisions\/5208"}],"up":[{"embeddable":true,"href":"https:\/\/ambzagabria.esteri.it\/hr\/wp-json\/wp\/v2\/pages\/127"}],"wp:attachment":[{"href":"https:\/\/ambzagabria.esteri.it\/hr\/wp-json\/wp\/v2\/media?parent=143"}],"curies":[{"name":"wp","href":"https:\/\/api.w.org\/{rel}","templated":true}]}}