{"id":146,"date":"2023-04-11T18:07:19","date_gmt":"2023-04-11T16:07:19","guid":{"rendered":"https:\/\/ambzagabria.esteri.it\/chi-siamo\/numeri-di-emergenza\/"},"modified":"2026-04-13T10:24:38","modified_gmt":"2026-04-13T08:24:38","slug":"numeri-di-emergenza","status":"publish","type":"page","link":"https:\/\/ambzagabria.esteri.it\/hr\/chi-siamo\/numeri-di-emergenza\/","title":{"rendered":"Brojevi hitnih slu\u017ebi"},"content":{"rendered":"<p>Broj <span style=\"text-decoration: underline;\">MOBITELA ZA HITNE SLU\u010cAJEVE<strong> +385 (0) 98 41 76 60<\/strong><\/span> dostupan je nakon radnog vremena ureda, <span style=\"text-decoration: underline;\"><strong>od 18:00 do 22:00 sata<\/strong><\/span>, te subotom, nedjeljom i blagdanima <span style=\"text-decoration: underline;\"><strong>od 08:00 do 22:00 sata<\/strong>.<\/span><\/p>\n<p>Slu\u017eba pripravnosti Konzularnog odjela Veleposlanstva Italije u Zagrebu rezervirana je za hitne intervencije koje se odnose na sljede\u0107e \u017eupanije: Grad Zagreb i Zagreba\u010dku \u017eupaniju, Bjelovarsko-bilogorsku, Brodsko-posavsku, Karlova\u010dku, Koprivni\u010dko-kri\u017eeva\u010dku, Krapinsko-zagorsku, Me\u0111imursku, Osje\u010dko-baranjsku, Po\u017ee\u0161ko-slavonsku, Sisa\u010dko-moslava\u010dku, Vara\u017edinsku, Viroviti\u010dko-podravsku te Vukovarsko-srijemsku.<\/p>\n<p><strong>VA\u017dNO:<\/strong> u slu\u010daju hitnosti u drugim \u017eupanijama, molimo obratiti se izravno Generalnom konzulatu Italije u Rijeci ili po\u010dasnim konzularnim uredima, \u010dije kontakte mo\u017eete prona\u0107i na sljede\u0107im poveznicama:<\/p>\n<p><strong>Generalni konzulat Italije u Rijeci<\/strong> \u2013 <a href=\"https:\/\/consfiume.esteri.it\/it\/\">Slu\u017ebena stranica Generalnog konzulata Italije u Rijeci (esteri.it)<\/a><\/p>\n<p><strong>Konzularna mre\u017ea<\/strong> \u2013 <a href=\"https:\/\/ambzagabria.esteri.it\/hr\/chi-siamo\/la-rete-consolare\/\">Veleposlanstvo Italije u Zagrebu (esteri.it)<\/a><\/p>\n<p>Tijekom no\u0107nih sati te isklju\u010divo u slu\u010daju HITNOSTI talijanski dr\u017eavljani mogu se obratiti de\u017eurnom du\u017enosniku Ministarstva vanjskih poslova i me\u0111unarodne suradnje (MAECI) u Rimu na broj <strong>+39 06 3691 2666<\/strong>.<\/p>\n<p><strong>Napominjemo da su navedeni brojevi namijenjeni isklju\u010divo za prijavu situacija te\u0161ke i dokazane hitnosti koje zahtijevaju hitne i neodgodive intervencije radi za\u0161tite talijanskih dr\u017eavljana u inozemstvu (kao \u0161to su: nesre\u0107e, uhi\u0107enja, ozbiljni medicinski problemi, prirodne nepogode, te\u0161ke obiteljske situacije). De\u017eurni du\u017enosnici ne mogu postupati po op\u0107im zahtjevima koji se odnose na administrativna pitanja kao \u0161to su, na primjer: upis u AIRE (registar talijanskih dr\u017eavljana nastanjenih u inozemstvu), obiteljski status, putovnice ili osobne iskaznice, zahtjevi za dr\u017eavljanstvo, javnobilje\u017eni\u010dke usluge, vize itd.<\/strong><\/p>\n<p><strong>HRVATSKI BROJEVI ZA HITNE SLU\u010cAJEVE<\/strong>:<\/p>\n<p><strong>+385 112<\/strong> \u2013 Jedinstveni broj za hitne slu\u017ebe<\/p>\n<p><strong>+385 192 <\/strong>\u2013 Policija<\/p>\n<p><strong>+385 194<\/strong> \u2013 Hitna Pomo\u0107<\/p>\n<p><strong>+385 193<\/strong> \u2013 Vatrogasci<\/p>\n<p><strong>+385 1987 <\/strong>\u2013 Pomo\u0107 na cesti<\/p>\n<p><strong>+385 195 <\/strong>\u2013 Nacionalna sredi\u0161njica za uskla\u0111ivanje traganja i spa\u0161avanja na moru<\/p>\n<p>&nbsp;<\/p>\n","protected":false},"excerpt":{"rendered":"Broj MOBITELA ZA HITNE SLU\u010cAJEVE +385 (0) 98 41 76 60 dostupan je nakon radnog vremena ureda, od 18:00 do 22:00 sata, te subotom, nedjeljom i blagdanima od 08:00 do 22:00 sata. Slu\u017eba pripravnosti Konzularnog odjela Veleposlanstva Italije u Zagrebu rezervirana je za hitne intervencije koje se odnose na sljede\u0107e \u017eupanije: Grad Zagreb i Zagreba\u010dku [&hellip;]","protected":false},"author":1,"featured_media":0,"parent":127,"menu_order":6,"comment_status":"closed","ping_status":"closed","template":"","meta":{"footnotes":""},"class_list":["post-146","page","type-page","status-publish","hentry"],"_links":{"self":[{"href":"https:\/\/ambzagabria.esteri.it\/hr\/wp-json\/wp\/v2\/pages\/146","targetHints":{"allow":["GET"]}}],"collection":[{"href":"https:\/\/ambzagabria.esteri.it\/hr\/wp-json\/wp\/v2\/pages"}],"about":[{"href":"https:\/\/ambzagabria.esteri.it\/hr\/wp-json\/wp\/v2\/types\/page"}],"author":[{"embeddable":true,"href":"https:\/\/ambzagabria.esteri.it\/hr\/wp-json\/wp\/v2\/users\/1"}],"replies":[{"embeddable":true,"href":"https:\/\/ambzagabria.esteri.it\/hr\/wp-json\/wp\/v2\/comments?post=146"}],"version-history":[{"count":4,"href":"https:\/\/ambzagabria.esteri.it\/hr\/wp-json\/wp\/v2\/pages\/146\/revisions"}],"predecessor-version":[{"id":5466,"href":"https:\/\/ambzagabria.esteri.it\/hr\/wp-json\/wp\/v2\/pages\/146\/revisions\/5466"}],"up":[{"embeddable":true,"href":"https:\/\/ambzagabria.esteri.it\/hr\/wp-json\/wp\/v2\/pages\/127"}],"wp:attachment":[{"href":"https:\/\/ambzagabria.esteri.it\/hr\/wp-json\/wp\/v2\/media?parent=146"}],"curies":[{"name":"wp","href":"https:\/\/api.w.org\/{rel}","templated":true}]}}