{"id":147,"date":"2023-04-11T18:08:31","date_gmt":"2023-04-11T16:08:31","guid":{"rendered":"https:\/\/ambzagabria.esteri.it\/chi-siamo\/la-rete-consolare\/"},"modified":"2024-04-17T14:44:27","modified_gmt":"2024-04-17T12:44:27","slug":"la-rete-consolare","status":"publish","type":"page","link":"https:\/\/ambzagabria.esteri.it\/hr\/chi-siamo\/la-rete-consolare\/","title":{"rendered":"Konzularna mre\u017ea"},"content":{"rendered":"<div class=\"sr-only\"><strong>Generalni konzulat Italije u Rijeci<br \/>\n<\/strong>Riva, 16<br \/>\n51000 Rijeka<br \/>\nTel: +385. 51. 355.200 \/ 355.230 \/ 355.240;<br \/>\nFax: +385. 51. 355.225<br \/>\nE-mail: <a href=\"mailto:cons.fiume@esteri.it\" target=\"_blank\" rel=\"noopener\">cons.fiume@esteri.it<\/a><br \/>\nWeb: <a href=\"https:\/\/consfiume.esteri.it\" target=\"_blank\" rel=\"noopener\">consfiume.esteri.it<\/a><br \/>\nGeneralni konzul:<br \/>\nVr\u0161itelj du\u017enosti: Patrizia Ruggiero<\/div>\n<div class=\"sr-only\"><strong><br \/>\nPo\u010dasni konzulat Italije u Dubrovniku<br \/>\n<\/strong>Dr. Ante Star\u010devi\u0107a 24<br \/>\n20000 Dubrovnik<br \/>\nTel: +385.98. 94.14.654<br \/>\nE-mail: <a href=\"mailto:ragusa.onorario@esteri.it\">ragusa.onorario@esteri.it<\/a><br \/>\nPo\u010dasni konzul: Frano Bongi<\/div>\n<div class=\"sr-only\"><strong><br \/>\nPo\u010dasni konzulat Italije u Puli<\/strong><\/div>\n<div class=\"sr-only\">Giuseppe Tartini 15<\/div>\n<div class=\"sr-only\">52100 Pula<\/div>\n<div class=\"sr-only\">Tel: +385. 52. 388.864 \/ 507.007<\/div>\n<div class=\"sr-only\">Fax:+385. 52. 388.863<\/div>\n<div class=\"sr-only\">E-mail: <a href=\"mailto:pola.onorario@esteri.it\">pola.onorario@esteri.it<\/a><br \/>\nPo\u010dasni konzul: Tiziano So\u0161i\u0107<\/div>\n<div class=\"sr-only\">\n<p><strong><br \/>\nPo\u010dasni vicekonzulat Italije u Bujama<br \/>\n<\/strong>Trg Josipa Broza, 13<br \/>\n52460 Buje<br \/>\nTel: +385. 52. 773.122<br \/>\nFax: +385. 52. 772.646<br \/>\nE-mail: <a href=\"mailto:buie.onorario@esteri.it\">buie.onorario@esteri.it<\/a><br \/>\nPo\u010dasni vicekonzul: Giuseppina Rajko<\/p>\n<\/div>\n<div class=\"sr-only\">\n<p><strong>Po\u010dasni konzulat Italije u Splitu<br \/>\n<\/strong>Obala HNP 10<br \/>\n21000 Split<br \/>\nTel: +385.21 251619<br \/>\nMob.:+385.91.5872468<br \/>\nE-mail: <a href=\"mailto:spalato.onorario@esteri.it\">spalato.onorario@esteri.it<\/a><br \/>\nPo\u010dasni konzul: Maja Medi\u0107<\/p>\n<\/div>\n<div>\n<p><strong>Konzularni dopisnik Zadar<br \/>\n<\/strong>Mob.: +385.98.655.521<br \/>\nMob. IT.: +39.351.320.6546<br \/>\nE-mail: <a href=\"mailto:info@portamarina.hr\" target=\"_blank\" rel=\"noopener\">info@portamarina.hr<\/a><br \/>\nKonzularni dopisnik: Adriana Grubeli\u0107<\/p>\n<p><strong>Konzularni dopisnik \u0160ibenik<\/strong><br \/>\nTel. ured: +385.22.215.933<br \/>\nMob.: +385.98.759.841<br \/>\nE-mail : <a href=\"mailto:maria.rita.rando@gmail.com\">maria.rita.rando@gmail.com<\/a><br \/>\nKonzularni dopisnik: Maria Rita Rando Baranovic<\/p>\n<p><strong>Konzularni dopisnik Hvar<\/strong><br \/>\nUlica Antifa\u0161izma 9<br \/>\n21450 Hvar<br \/>\nMob.: +385.91.506.98.88<br \/>\nE-mail : <a href=\"mailto:alessandratudor@gmail.com\">alessandratudor@gmail.com<\/a><br \/>\nKonzularni dopisnik: Alessandra Tudor<\/p>\n<p><strong>Konzularni dopisnik za Po\u017ee\u0161ko-slavonsku i Osije\u010dko-baranjsku \u017eupaniju<\/strong><strong><br \/>\n<\/strong>Zajednica Talijana<br \/>\nSlavonska ulica 47<br \/>\n34551 Lipik<br \/>\nMob.: +385 98 564 642<br \/>\nE-mail: <a href=\"mailto:lionella.brisinello@gmail.com\">lionella.brisinello@gmail.com<\/a><br \/>\nKonzularni dopisnik: Lionella Brisinello<\/p>\n<\/div>\n","protected":false},"excerpt":{"rendered":"Generalni konzulat Italije u Rijeci Riva, 16 51000 Rijeka Tel: +385. 51. 355.200 \/ 355.230 \/ 355.240; Fax: +385. 51. 355.225 E-mail: cons.fiume@esteri.it Web: consfiume.esteri.it Generalni konzul: Vr\u0161itelj du\u017enosti: Patrizia Ruggiero Po\u010dasni konzulat Italije u Dubrovniku Dr. Ante Star\u010devi\u0107a 24 20000 Dubrovnik Tel: +385.98. 94.14.654 E-mail: ragusa.onorario@esteri.it Po\u010dasni konzul: Frano Bongi Po\u010dasni konzulat Italije u [&hellip;]","protected":false},"author":1,"featured_media":0,"parent":127,"menu_order":8,"comment_status":"closed","ping_status":"closed","template":"","meta":{"footnotes":""},"class_list":["post-147","page","type-page","status-publish","hentry"],"_links":{"self":[{"href":"https:\/\/ambzagabria.esteri.it\/hr\/wp-json\/wp\/v2\/pages\/147","targetHints":{"allow":["GET"]}}],"collection":[{"href":"https:\/\/ambzagabria.esteri.it\/hr\/wp-json\/wp\/v2\/pages"}],"about":[{"href":"https:\/\/ambzagabria.esteri.it\/hr\/wp-json\/wp\/v2\/types\/page"}],"author":[{"embeddable":true,"href":"https:\/\/ambzagabria.esteri.it\/hr\/wp-json\/wp\/v2\/users\/1"}],"replies":[{"embeddable":true,"href":"https:\/\/ambzagabria.esteri.it\/hr\/wp-json\/wp\/v2\/comments?post=147"}],"version-history":[{"count":6,"href":"https:\/\/ambzagabria.esteri.it\/hr\/wp-json\/wp\/v2\/pages\/147\/revisions"}],"predecessor-version":[{"id":2086,"href":"https:\/\/ambzagabria.esteri.it\/hr\/wp-json\/wp\/v2\/pages\/147\/revisions\/2086"}],"up":[{"embeddable":true,"href":"https:\/\/ambzagabria.esteri.it\/hr\/wp-json\/wp\/v2\/pages\/127"}],"wp:attachment":[{"href":"https:\/\/ambzagabria.esteri.it\/hr\/wp-json\/wp\/v2\/media?parent=147"}],"curies":[{"name":"wp","href":"https:\/\/api.w.org\/{rel}","templated":true}]}}