{"id":148,"date":"2023-04-11T17:08:52","date_gmt":"2023-04-11T15:08:52","guid":{"rendered":"https:\/\/ambzagabria.esteri.it\/italia-e-croazia\/"},"modified":"2026-02-26T11:06:36","modified_gmt":"2026-02-26T10:06:36","slug":"italia-e-croazia","status":"publish","type":"page","link":"https:\/\/ambzagabria.esteri.it\/hr\/italia-e-croazia\/","title":{"rendered":"Italiji i Hrvatskoj"},"content":{"rendered":"<p><strong>Bilateralni odnosi<\/strong><\/p>\n<p>Razgranata mre\u017ea odnosa koja povezuje Italiju i Hrvatsku temelji se na dubokim i \u010dvrstim povijesnim vezama te uklju\u010duje ne samo talijanske i hrvatske institucije, ve\u0107 i privatni gospodarski sektor, kulturne, akademske i znanstvene ustanove te gra\u0111ane dviju zemalja.<\/p>\n<p>Stoga je prisutna stalna anga\u017eiranost Veleposlanstva Italije u Zagrebu i pripadaju\u0107e konzularne mre\u017ee, kao i Talijanskog instituta za kulturu te Talijanskog instituta za vanjsku trgovinu (ICE) u Zagrebu, a u cilju ja\u010danja intenzivnih bilaterlanih odnosa i prijateljstva koje povezuje Italiju i Hrvatsku.<\/p>\n<p>&nbsp;<\/p>\n","protected":false},"excerpt":{"rendered":"Bilateralni odnosi Razgranata mre\u017ea odnosa koja povezuje Italiju i Hrvatsku temelji se na dubokim i \u010dvrstim povijesnim vezama te uklju\u010duje ne samo talijanske i hrvatske institucije, ve\u0107 i privatni gospodarski sektor, kulturne, akademske i znanstvene ustanove te gra\u0111ane dviju zemalja. Stoga je prisutna stalna anga\u017eiranost Veleposlanstva Italije u Zagrebu i pripadaju\u0107e konzularne mre\u017ee, kao i [&hellip;]","protected":false},"author":1,"featured_media":0,"parent":0,"menu_order":4,"comment_status":"closed","ping_status":"closed","template":"","meta":{"footnotes":""},"class_list":["post-148","page","type-page","status-publish","hentry"],"_links":{"self":[{"href":"https:\/\/ambzagabria.esteri.it\/hr\/wp-json\/wp\/v2\/pages\/148","targetHints":{"allow":["GET"]}}],"collection":[{"href":"https:\/\/ambzagabria.esteri.it\/hr\/wp-json\/wp\/v2\/pages"}],"about":[{"href":"https:\/\/ambzagabria.esteri.it\/hr\/wp-json\/wp\/v2\/types\/page"}],"author":[{"embeddable":true,"href":"https:\/\/ambzagabria.esteri.it\/hr\/wp-json\/wp\/v2\/users\/1"}],"replies":[{"embeddable":true,"href":"https:\/\/ambzagabria.esteri.it\/hr\/wp-json\/wp\/v2\/comments?post=148"}],"version-history":[{"count":3,"href":"https:\/\/ambzagabria.esteri.it\/hr\/wp-json\/wp\/v2\/pages\/148\/revisions"}],"predecessor-version":[{"id":5214,"href":"https:\/\/ambzagabria.esteri.it\/hr\/wp-json\/wp\/v2\/pages\/148\/revisions\/5214"}],"wp:attachment":[{"href":"https:\/\/ambzagabria.esteri.it\/hr\/wp-json\/wp\/v2\/media?parent=148"}],"curies":[{"name":"wp","href":"https:\/\/api.w.org\/{rel}","templated":true}]}}