{"id":5198,"date":"2023-10-12T11:59:26","date_gmt":"2023-10-12T09:59:26","guid":{"rendered":"https:\/\/ambzagabria.esteri.it\/?page_id=5198"},"modified":"2026-02-26T10:58:26","modified_gmt":"2026-02-26T09:58:26","slug":"talijansko-hrvatska-gospodarska-komora-ccic","status":"publish","type":"page","link":"https:\/\/ambzagabria.esteri.it\/hr\/italia-e-croazia\/diplomazia-economica\/talijansko-hrvatska-gospodarska-komora-ccic\/","title":{"rendered":"Talijansko-hrvatska gospodarska komora (CCIC)"},"content":{"rendered":"<p><a href=\"https:\/\/ccic.hr\/it\/\" target=\"_blank\" rel=\"noopener\"><strong>Talijansko-hrvatska gospodarska komora<\/strong><\/a><strong> (CCIC)<\/strong>, nastala iz Udru\u017eenja talijanskih poduzetnika u Hrvatskoj, osigurava povezanost izme\u0111u talijanskog poduzetni\u010dkog svijeta u Hrvatskoj te talijanskih i hrvatskih institucija. Od po\u010detka 2019. godine, nakon odobrenja lokalnih vlasti, Komora je punopravno operativna prema hrvatskom pravu.<\/p>\n<p>U 2021. godini dobila je priznanje talijanskog Ministarstva gospodarskog razvoja (MISE), u skladu sa Zakonom 518\/70, kao slu\u017ebena talijanska gospodarska komora u inozemstvu.<\/p>\n","protected":false},"excerpt":{"rendered":"Talijansko-hrvatska gospodarska komora (CCIC), nastala iz Udru\u017eenja talijanskih poduzetnika u Hrvatskoj, osigurava povezanost izme\u0111u talijanskog poduzetni\u010dkog svijeta u Hrvatskoj te talijanskih i hrvatskih institucija. Od po\u010detka 2019. godine, nakon odobrenja lokalnih vlasti, Komora je punopravno operativna prema hrvatskom pravu. U 2021. godini dobila je priznanje talijanskog Ministarstva gospodarskog razvoja (MISE), u skladu sa Zakonom 518\/70, [&hellip;]","protected":false},"author":4,"featured_media":0,"parent":134,"menu_order":0,"comment_status":"closed","ping_status":"closed","template":"","meta":{"footnotes":""},"class_list":["post-5198","page","type-page","status-publish","hentry"],"_links":{"self":[{"href":"https:\/\/ambzagabria.esteri.it\/hr\/wp-json\/wp\/v2\/pages\/5198","targetHints":{"allow":["GET"]}}],"collection":[{"href":"https:\/\/ambzagabria.esteri.it\/hr\/wp-json\/wp\/v2\/pages"}],"about":[{"href":"https:\/\/ambzagabria.esteri.it\/hr\/wp-json\/wp\/v2\/types\/page"}],"author":[{"embeddable":true,"href":"https:\/\/ambzagabria.esteri.it\/hr\/wp-json\/wp\/v2\/users\/4"}],"replies":[{"embeddable":true,"href":"https:\/\/ambzagabria.esteri.it\/hr\/wp-json\/wp\/v2\/comments?post=5198"}],"version-history":[{"count":2,"href":"https:\/\/ambzagabria.esteri.it\/hr\/wp-json\/wp\/v2\/pages\/5198\/revisions"}],"predecessor-version":[{"id":5201,"href":"https:\/\/ambzagabria.esteri.it\/hr\/wp-json\/wp\/v2\/pages\/5198\/revisions\/5201"}],"up":[{"embeddable":true,"href":"https:\/\/ambzagabria.esteri.it\/hr\/wp-json\/wp\/v2\/pages\/134"}],"wp:attachment":[{"href":"https:\/\/ambzagabria.esteri.it\/hr\/wp-json\/wp\/v2\/media?parent=5198"}],"curies":[{"name":"wp","href":"https:\/\/api.w.org\/{rel}","templated":true}]}}