{"id":5215,"date":"2026-01-26T16:04:25","date_gmt":"2026-01-26T15:04:25","guid":{"rendered":"https:\/\/ambzagabria.esteri.it\/?page_id=5215"},"modified":"2026-02-26T11:14:09","modified_gmt":"2026-02-26T10:14:09","slug":"pravila-ponasanja-na-drustvenim-mrezama-veleposlanstva","status":"publish","type":"page","link":"https:\/\/ambzagabria.esteri.it\/hr\/chi-siamo\/contatti\/pravila-ponasanja-na-drustvenim-mrezama-veleposlanstva\/","title":{"rendered":"Pravila pona\u0161anja na dru\u0161tvenim mre\u017eama Veleposlanstva"},"content":{"rendered":"<p>Ovo Veleposlanstvo koristi dru\u0161tvene mre\u017ee u institucionalne svrhe, radi pove\u0107anja transparentnosti i informiranosti o vlastitim aktivnostima: informira, komunicira, slu\u0161a i objavljuje sadr\u017eaje institucionalne naravi.<\/p>\n<p>Objavljeni sadr\u017eaji uklju\u010duju fotografije, institucionalne videozapise, priop\u0107enja za medije, servisne informacije, vijesti o aktivnostima ovog diplomatskog predstavni\u0161tva te mogu\u0107nost uklju\u010divanja i sudjelovanja gra\u0111ana. Osobni podaci koriste se u skladu s propisima o njihovoj za\u0161titi, a informativna obavijest o privatnosti dostupna je <a href=\"https:\/\/www.esteri.it\/en\/legal-notices\/\" target=\"_blank\" rel=\"noopener\">ovdje<\/a>.<\/p>\n<p>Putem svojih dru\u0161tvenih kanala, ovo diplomatsko predstavni\u0161tvo mo\u017ee dijeliti i prenositi sadr\u017eaje te poruke od koristi i javnog interesa koje objavljuju drugi korisnici.<\/p>\n<p>Ovo Veleposlanstvo nastoji upravljati prostorima za komunikaciju i dijalog unutar svojih profila na dru\u0161tvenim mre\u017eama, tra\u017ee\u0107i od svojih korisnika po\u0161tivanje nekoliko jednostavnih pravila:<\/p>\n<ol>\n<li>Od svih se tra\u017ei da svoje mi\u0161ljenje iznose korektno, odmjereno i s po\u0161tovanjem.<\/li>\n<li>Na dru\u0161tvenim mre\u017eama svatko je odgovoran za sadr\u017eaj koji objavljuje i za mi\u0161ljenja koja iznosi. Svakako se ne\u0107e tolerirati uvrede, prostote, klevete, prijetnje te op\u0107enito nasilni ili klevetni\u010dki stavovi.<\/li>\n<li>Objavljeni sadr\u017eaj mora uvijek po\u0161tovati za\u0161titu osobnih podataka. Potrebno je izbjegavati upu\u0107ivanje na \u010dinjenice ili pojedinosti koje nemaju javni zna\u010daj i koje naru\u0161avaju privatnu sferu tre\u0107ih osoba.<\/li>\n<li>Bitan preduvjet je relevantnost tema u odnosu na aktivnosti ovog sjedi\u0161ta: ovi se prostori nipo\u0161to ne smiju koristiti u svrhe koje nisu institucionalne.<\/li>\n<li>Svaka je rasprava vezana uz specifi\u010dnu temu: od svih se sudionika tra\u017ei da je po\u0161tuju, izbjegavaju\u0107i op\u0107enito i neselektivno \u0161irenje rasprave.<\/li>\n<li>Ne\u0107e se tolerirati nikakav oblik ogla\u0161avanja, spama ili promicanja privatnih interesa ili nezakonitih aktivnosti.<\/li>\n<li>Nije dopu\u0161ten sadr\u017eaj koji kr\u0161i autorska prava niti neovla\u0161tena uporaba registriranih za\u0161titnih znakova.<\/li>\n<\/ol>\n<p>U svakom slu\u010daju, tamo gdje to dru\u0161tvena mre\u017ea dopu\u0161ta, osoblje \u0107e ukloniti sve objave, komentare ili audio\/video materijale koji:<\/p>\n<ul>\n<li>koriste neprimjeren jezik i\/ili prijete\u0107i, nasilan, pogrdan ili neuljudan ton;<\/li>\n<li>sadr\u017ee nezakonit sadr\u017eaj ili poti\u010du na izvr\u0161enje nezakonitih radnji;<\/li>\n<li>imaju uvredljiv, obmanjuju\u0107i ili uznemiruju\u0107i sadr\u017eaj, ili sadr\u017eaj kojim se kr\u0161e prava tre\u0107ih strana;<\/li>\n<li>otkrivaju osobne podatke i informacije ili mogu prouzro\u010diti \u0161tetu ili naru\u0161iti ugled tre\u0107ih osoba;<\/li>\n<li>imaju opscen, pornografski ili pedopornografski sadr\u017eaj, ili sadr\u017eaj koji vrije\u0111a osje\u0107aje korisnika;<\/li>\n<li>imaju diskriminiraju\u0107i sadr\u017eaj na temelju spola, rase, etni\u010dke pripadnosti, jezika, vjerskog uvjerenja, politi\u010dkog mi\u0161ljenja, seksualne orijentacije, dobi, osobnih i dru\u0161tvenih uvjeta;<\/li>\n<li>promi\u010du ili podr\u017eavaju nezakonite aktivnosti, kr\u0161e za\u0161titu autorskih prava ili neovla\u0161teno koriste registrirani za\u0161titni znak.<\/li>\n<\/ul>\n<p>Za one koji u\u010destalo kr\u0161e ove uvjete ili pravila kori\u0161tenja samih platformi ovo diplomatsko predstavni\u0161tvo, u skladu s Politikom dru\u0161tvenih mre\u017ea Ministarstva vanjskih poslova i me\u0111unarodne suradnje (MAECI), zadr\u017eava pravo na primjenu zabrane (ban) ili na blokiranje (po mogu\u0107nosti nakon prvog upozorenja) kako bi se sprije\u010dilo daljnje djelovanje, te na prijavu korisnika administratorima platforme i, po potrebi, nadle\u017enim tijelima progona.<\/p>\n<p>Ovo diplomatsko predstavni\u0161tvo ne stupa u izravnu interakciju s korisnicima putem svojih profila na dru\u0161tvenim mre\u017eama, koji ne zamjenjuju uobi\u010dajene kanale putem kojih javnost ima pristup servisnim informacijama i podr\u0161ci. Ovo je diplomatsko predstavni\u0161tvo mogu\u0107e kontaktirati na na\u010din naveden u <a href=\"https:\/\/ambzagabria.esteri.it\/hr\/chi-siamo\/contatti\/\" target=\"_blank\" rel=\"noopener\">rezerviranom prostoru<\/a> web stranice.<\/p>\n<p>&nbsp;<\/p>\n","protected":false},"excerpt":{"rendered":"Ovo Veleposlanstvo koristi dru\u0161tvene mre\u017ee u institucionalne svrhe, radi pove\u0107anja transparentnosti i informiranosti o vlastitim aktivnostima: informira, komunicira, slu\u0161a i objavljuje sadr\u017eaje institucionalne naravi. Objavljeni sadr\u017eaji uklju\u010duju fotografije, institucionalne videozapise, priop\u0107enja za medije, servisne informacije, vijesti o aktivnostima ovog diplomatskog predstavni\u0161tva te mogu\u0107nost uklju\u010divanja i sudjelovanja gra\u0111ana. Osobni podaci koriste se u skladu s propisima [&hellip;]","protected":false},"author":4,"featured_media":0,"parent":229,"menu_order":0,"comment_status":"closed","ping_status":"closed","template":"","meta":{"footnotes":""},"class_list":["post-5215","page","type-page","status-publish","hentry"],"_links":{"self":[{"href":"https:\/\/ambzagabria.esteri.it\/hr\/wp-json\/wp\/v2\/pages\/5215","targetHints":{"allow":["GET"]}}],"collection":[{"href":"https:\/\/ambzagabria.esteri.it\/hr\/wp-json\/wp\/v2\/pages"}],"about":[{"href":"https:\/\/ambzagabria.esteri.it\/hr\/wp-json\/wp\/v2\/types\/page"}],"author":[{"embeddable":true,"href":"https:\/\/ambzagabria.esteri.it\/hr\/wp-json\/wp\/v2\/users\/4"}],"replies":[{"embeddable":true,"href":"https:\/\/ambzagabria.esteri.it\/hr\/wp-json\/wp\/v2\/comments?post=5215"}],"version-history":[{"count":4,"href":"https:\/\/ambzagabria.esteri.it\/hr\/wp-json\/wp\/v2\/pages\/5215\/revisions"}],"predecessor-version":[{"id":5223,"href":"https:\/\/ambzagabria.esteri.it\/hr\/wp-json\/wp\/v2\/pages\/5215\/revisions\/5223"}],"up":[{"embeddable":true,"href":"https:\/\/ambzagabria.esteri.it\/hr\/wp-json\/wp\/v2\/pages\/229"}],"wp:attachment":[{"href":"https:\/\/ambzagabria.esteri.it\/hr\/wp-json\/wp\/v2\/media?parent=5215"}],"curies":[{"name":"wp","href":"https:\/\/api.w.org\/{rel}","templated":true}]}}