{"id":2446,"date":"2024-06-13T14:38:55","date_gmt":"2024-06-13T12:38:55","guid":{"rendered":"https:\/\/ambzagabria.esteri.it\/?page_id=2446"},"modified":"2025-06-20T12:46:24","modified_gmt":"2025-06-20T10:46:24","slug":"interviste","status":"publish","type":"page","link":"https:\/\/ambzagabria.esteri.it\/it\/chi-siamo\/lambasciatore\/interviste\/","title":{"rendered":"Interviste"},"content":{"rendered":"<p><em><strong>2025<\/strong><\/em><\/p>\n<ul>\n<li><a href=\"https:\/\/radiocapodistria.rtvslo.si\/podcasts\/calle-degli-orti-grandi\/173250859\/175116769\" target=\"_blank\" rel=\"noopener\">Intervista dell&#8217;Ambasciatore a Radio Capodistria<\/a> (17 marzo)<\/li>\n<li><a href=\"https:\/\/ambzagabria.esteri.it\/wp-content\/uploads\/2025\/03\/INTERVISTA_TRICHILO-PALMIERI_PANORAMA.pdf\" target=\"_blank\" rel=\"noopener\">Intervista dell&#8217;Ambasciatore a Panorama<\/a><\/li>\n<li><a href=\"https:\/\/www.raiplaysound.it\/programmi\/viaggiareinsicurezza\" target=\"_blank\" rel=\"noopener\">Intervista dell\u2019Ambasciatore a ISORADIO RAI<\/a> (24 febbraio 2025)<\/li>\n<li><a href=\"https:\/\/youtu.be\/uRm5QZwUOzg\" target=\"_blank\" rel=\"noopener\">Intervista dell&#8217;Amb. Trichilo a Radio Fiume<\/a> (25 gennaio 2025)<\/li>\n<li><a href=\"https:\/\/net.hr\/danas\/rtl-danas\/talijanski-veleposlanik-paolo-tricholi-otkrio-kada-se-pije-capuccino-ali-i-kakav-je-zivot-u-zagrebu-a01f9d1a-db4d-11ef-ba08-b282ec61614a\" target=\"_blank\" rel=\"noopener\">Una giornata con l&#8217;Ambasciatore italiano &#8211; RTL Danas<\/a> (25 gennaio)<\/li>\n<li><a href=\"https:\/\/www.raiplaysound.it\/audio\/2025\/01\/Sconfinamenti-del-10012025-CEMAN-14ad4614-e754-4685-b73d-b5ee64537f47.html\" target=\"_blank\" rel=\"noopener\">Sconfinamenti &#8211; La Ceman Orchestra-Central European Music Academies Network Orchestra<\/a> (RAIPLAY, 17 gennaio)<\/li>\n<li><a href=\"https:\/\/pogled.hr\/politika\/2025\/06\/02\/dvodrzavno-rjesenje-na-bliskom-istoku-jedino-moze-osigurati-mir-u-regiji-593\" target=\"_blank\" rel=\"noopener\">Dvodr\u017eavno rje\u0161enje na Bliskom istoku jedino mo\u017ee osigurati mir u regiji<\/a> (P\u00f6gled Magazin, 2 giugno)<\/li>\n<li><a href=\"https:\/\/www.rtvslo.si\/rtv365\/arhiv\/175139469?s=tv_ita\" target=\"_blank\" rel=\"noopener\">Tuttoggi attualit\u00e0: Ambasciatore Trichilo<\/a> (RTV Slo, 13 giugno)<\/li>\n<li><a href=\"https:\/\/ambzagabria.esteri.it\/wp-content\/uploads\/2025\/06\/Intervista_NARODNE-DIPLOMACIJE.pdf\" target=\"_blank\" rel=\"noopener\">Narodne Diplomacije<\/a><\/li>\n<\/ul>\n<p><em><strong>2024<\/strong><\/em><\/p>\n<ul>\n<li><a href=\"https:\/\/ambzagabria.esteri.it\/wp-content\/uploads\/2024\/12\/158602.pdf\" target=\"_blank\" rel=\"noopener\">Intervista dell&#8217;Amb. Trichilo &#8220;Italia-Croazia, rapporto a 360 gradi&#8221; (La Voce, 31 dicembre)<\/a><\/li>\n<li><a href=\"https:\/\/unija.italianiazagabria.com\/wp-content\/uploads\/2024\/12\/incontri-12-2024-hr-tal-mail.pdf\" target=\"_blank\" rel=\"noopener\">Intervista dell&#8217;Amb. Trichilo al periodico &#8220;Incontri&#8221; (Numero 30\/Anno 2024)<\/a><\/li>\n<li><a href=\"https:\/\/www.raiplaysound.it\/audio\/2024\/08\/Sconfinamenti-del-14082024-NEWSLETTER-AMBASCIATA-DITALIA-A-ZAGABRIA-e-LARENA-DI-POLA-14f430a0-5a1f-4298-a0ca-f4f958527e13.html\" target=\"_blank\" rel=\"noopener\">Sconfinamenti | NEWSLETTER AMBASCIATA D&#8217;ITALIA A ZAGABRIA e L&#8217;ARENA DI POLA | RaiPlay Sound<\/a> (RAIPLAY, 15 agosto)<\/li>\n<li><a href=\"https:\/\/lavoce.hr\/attualita\/le-identita-regionale-nazionale-ed-europea-possono-coesistere\" target=\"_blank\" rel=\"noopener\">Intervista concessa al quotidiano &#8220;Glas Slavonije&#8221; e ripresa da &#8220;La Voce&#8221;<\/a> &#8211; (30 luglio)<\/li>\n<li><a href=\"https:\/\/www.ansa.it\/sito\/notizie\/mondo\/news_dalle_ambasciate\/2024\/07\/28\/amb.-trichilo-litalia-primo-partner-commerciale-della-croazia_036c4513-4d00-45b0-8f9e-485ac49e39ea.html\" target=\"_blank\" rel=\"noopener\">Intervista dell&#8217;Amb. Trichilo al quotidiano Glas Slavonije (La Voce della Slavonia)\u00a0<\/a> &#8211; Articolo ANSA, 28 luglio<\/li>\n<li><a href=\"https:\/\/www.glas-slavonije.hr\/magazin\/2024\/07\/27\/italija-je-u-posljednje-dvije-i-pol-godine-vodeci-trgovinski-partner-rh-559920\/\" target=\"_blank\" rel=\"noopener\">Intervista dell&#8217;Ambasciatore alla stampa croata &#8220;Glas Slavonije&#8221; (27.07.2024)<\/a><\/li>\n<li><a href=\"https:\/\/www.ansa.it\/sito\/notizie\/mondo\/news_dalle_ambasciate\/2024\/06\/17\/intervista-amb.-trichilo-alla-stampa-croata-su-cooperazione_8a08f3fc-cae9-4922-b517-4a1ea039d3bf.html\" target=\"_blank\" rel=\"noopener\">Intervista amb. Trichilo alla stampa croata su cooperazione &#8211; News dalle Ambasciate &#8211; Ansa.it<\/a>\u00a0\u00a0(ANSA, 17 giugno)<\/li>\n<li><a href=\"https:\/\/www.novilist.hr\/novosti\/hrvatska\/novi-talijanski-veleposlanik-u-hrvatskoj-suradnja-nasih-zemalja-primjer-je-za-podrucje-zapadnog-balkana\/?meta_refresh=true\" target=\"_blank\" rel=\"noopener\">Novi talijanski veleposlanik u Hrvatskoj: \u2018Suradnja na\u0161ih zemalja primjer je za podru\u010dje zapadnog Balkana\u2019<\/a>\u00a0\u00a0(Novi List, 16 giugno)<\/li>\n<li><a href=\"https:\/\/www.raiplaysound.it\/audio\/2024\/06\/Sconfinamenti-del-15062024-SE-PAOLO-TRICHILO-AMBASCIATORE-DITALIA-IN-CROAZIA-e3a0e10b-9ee3-446a-897b-fe6cff56b808.html\" target=\"_blank\" rel=\"noopener\">Sconfinamenti | S.E. PAOLO TRICHILO AMBASCIATORE D&#8217;ITALIA IN CROAZIA | RaiPlay Sound<\/a>\u00a0\u00a0(RAIPLAY, 15 giugno)<\/li>\n<li><a href=\"https:\/\/relazioninternazionali-tribuna.com\/wp-content\/uploads\/2024\/05\/Relazioni_internazionali_Croazia2024.pdf\" target=\"_blank\" rel=\"noopener\">Intervista all\u2019Ambasciatore Trichilo della Tribuna Politica ed Economica (24\/05\/2024)<\/a><\/li>\n<li><a href=\"https:\/\/youtu.be\/izyYnHGUxYM\" target=\"_blank\" rel=\"noopener\">Intervista alla RTV Slo (24.04.2024)<\/a><\/li>\n<li><a href=\"https:\/\/www.diplomacyandcommerce.hr\/h-e-paolo-trichilo-relations-between-the-two-countries-are-excellent\/\" target=\"_blank\" rel=\"noopener\">H.E. Paolo Trichilo : Relations between the two countries are excellent \u2014 Diplomacy&amp;Commerce Croatia (diplomacyandcommerce.hr)<\/a><\/li>\n<li><a href=\"https:\/\/lavoce.hr\/uncategorized\/paolo-trichilo-la-cni-ci-fa-sentire-fieri\" target=\"_blank\" rel=\"noopener\">https:\/\/lavoce.hr\/uncategorized\/paolo-trichilo-la-cni-ci-fa-sentire-fieri<\/a><\/li>\n<li><a href=\"https:\/\/ilpiccolo.gelocal.it\/speciale\/il-piccolo-balcani\/2024\/04\/14\/news\/italia_e_croazia_assieme_per_integrazione_europea-14224579\/\" target=\"_blank\" rel=\"noopener\">L\u2019ambasciatore Trichilo: \u00abItalia e Croazia assieme per l\u2019integrazione europea\u00bb &#8211; Il Piccolo (gelocal.it)<\/a><\/li>\n<li><a href=\"https:\/\/unija.italianiazagabria.com\/it\/wp-content\/uploads\/sites\/2\/2024\/06\/incontri-05-2024-hr-tal.pdf\" target=\"_blank\" rel=\"noopener\">incontri-05-2024-hr-tal.pdf (italianiazagabria.com)<\/a><\/li>\n<\/ul>\n<p>&nbsp;<\/p>\n","protected":false},"excerpt":{"rendered":"2025 Intervista dell&#8217;Ambasciatore a Radio Capodistria (17 marzo) Intervista dell&#8217;Ambasciatore a Panorama Intervista dell\u2019Ambasciatore a ISORADIO RAI (24 febbraio 2025) Intervista dell&#8217;Amb. Trichilo a Radio Fiume (25 gennaio 2025) Una giornata con l&#8217;Ambasciatore italiano &#8211; RTL Danas (25 gennaio) Sconfinamenti &#8211; La Ceman Orchestra-Central European Music Academies Network Orchestra (RAIPLAY, 17 gennaio) Dvodr\u017eavno rje\u0161enje na [&hellip;]","protected":false},"author":4,"featured_media":0,"parent":38,"menu_order":0,"comment_status":"closed","ping_status":"closed","template":"","meta":{"footnotes":""},"class_list":["post-2446","page","type-page","status-publish","hentry"],"_links":{"self":[{"href":"https:\/\/ambzagabria.esteri.it\/it\/wp-json\/wp\/v2\/pages\/2446","targetHints":{"allow":["GET"]}}],"collection":[{"href":"https:\/\/ambzagabria.esteri.it\/it\/wp-json\/wp\/v2\/pages"}],"about":[{"href":"https:\/\/ambzagabria.esteri.it\/it\/wp-json\/wp\/v2\/types\/page"}],"author":[{"embeddable":true,"href":"https:\/\/ambzagabria.esteri.it\/it\/wp-json\/wp\/v2\/users\/4"}],"replies":[{"embeddable":true,"href":"https:\/\/ambzagabria.esteri.it\/it\/wp-json\/wp\/v2\/comments?post=2446"}],"version-history":[{"count":6,"href":"https:\/\/ambzagabria.esteri.it\/it\/wp-json\/wp\/v2\/pages\/2446\/revisions"}],"predecessor-version":[{"id":4161,"href":"https:\/\/ambzagabria.esteri.it\/it\/wp-json\/wp\/v2\/pages\/2446\/revisions\/4161"}],"up":[{"embeddable":true,"href":"https:\/\/ambzagabria.esteri.it\/it\/wp-json\/wp\/v2\/pages\/38"}],"wp:attachment":[{"href":"https:\/\/ambzagabria.esteri.it\/it\/wp-json\/wp\/v2\/media?parent=2446"}],"curies":[{"name":"wp","href":"https:\/\/api.w.org\/{rel}","templated":true}]}}