{"id":2756,"date":"2024-08-20T11:14:09","date_gmt":"2024-08-20T09:14:09","guid":{"rendered":"https:\/\/ambzagabria.esteri.it\/?page_id=2756"},"modified":"2025-10-22T11:09:34","modified_gmt":"2025-10-22T09:09:34","slug":"carta-didentita-elettronica-cie","status":"publish","type":"page","link":"https:\/\/ambzagabria.esteri.it\/it\/servizi-consolari-e-visti\/servizi-per-il-cittadino-italiano\/passaporti-e-carte-didentita\/carta-didentita-elettronica-cie\/","title":{"rendered":"Carta d\u2019identit\u00e0 elettronica (CIE)"},"content":{"rendered":"<p>La Carta di identit\u00e0 Elettronica \u00e8 un documento multifunzionale: attesta l\u2019identit\u00e0 del cittadino, \u00e8 un documento di viaggio, riporta il codice fiscale e si pu\u00f2 utilizzare per richiedere un\u2019identit\u00e0 sul sistema SPID (Sistema Pubblico di Identit\u00e0 Digitale) con cui accedere ai Servizi erogati dalle Pubbliche Amministrazioni Italiane.<\/p>\n<p>La carta d\u2019identit\u00e0 elettronica equivale al passaporto ai fini dell\u2019espatrio negli Stati membri dell\u2019Unione europea, negli Stati dello Spazio Schengen (UE + Islanda, Norvegia, Svizzera, Liechtenstein) e in quelli in cui vigono particolari accordi internazionali.<br \/>\nAl riguardo, per ulteriori e pi\u00f9 dettagliate informazioni, \u00e8 possibile consultare il sito <a href=\"https:\/\/www.viaggiaresicuri.it\/approfondimenti-insights\/documentidiviaggio\">https:\/\/www.viaggiaresicuri.it\/approfondimenti-insights\/documentidiviaggio<\/a><\/p>\n<p><strong>La CIE potr\u00e0 essere rilasciata esclusivamente ai cittadini italiani regolarmente residenti nella propria circoscrizione consolare, che siano gi\u00e0 registrati nello schedario consolare e i cui dati anagrafici siano gi\u00e0 presenti nella banca dati A.I.R.E. (Anagrafe degli Italiani Residenti all\u2019Estero) del Ministero dell\u2019Interno (e in futuro in ANPR).<\/strong><\/p>\n<p>Ai fini dell\u2019emissione della CIE \u00e8 inoltre necessario possedere il codice fiscale validato. In mancanza, il codice fiscale stesso sar\u00e0 attribuito o validato dall\u2019Agenzia delle Entrate per il tramite dell\u2019Ufficio consolare preliminarmente al rilascio della CIE.<\/p>\n<p><strong>1. Validit\u00e0 temporale<\/strong><\/p>\n<p>La validit\u00e0 della carta d\u2019identit\u00e0 varia a seconda all\u2019et\u00e0 del titolare:<\/p>\n<ul>\n<li>3 anni per i minori di et\u00e0 inferiore a 3 anni;<\/li>\n<li>5 anni per i minori di et\u00e0 compresa tra i 3 e i 18 anni;<\/li>\n<\/ul>\n<p>10 anni per i maggiorenni.<\/p>\n<p><strong>2. Modalit\u00e0 di richiesta<\/strong><\/p>\n<p>La richiesta della carta d\u2019identit\u00e0 elettronica deve essere presentata tramite e-mail, all\u2019indirizzo consolare.ambzagabria@esteri.it, anticipando la documentazione da presentare all\u2019appuntamento (vedi sotto).<\/p>\n<p>Dal momento della richiesta alla data fissata per l\u2019appuntamento trascorrono almeno 15 giorni, necessari per consentire all\u2019ufficio consolare di effettuare il controllo dei dati anagrafici, risolvere eventuali disallineamenti e verificare che non sussistano cause ostative al rilascio del documento.<\/p>\n<p>Si ricorda che l\u2019iscrizione in A.I.R.E. \u00e8 indispensabile ai fini della presentazione della domanda di emissione della CIE. \u00c8 altres\u00ec indispensabile, per i cittadini italiani nati all\u2019estero, che il relativo atto di nascita risulti gi\u00e0 trascritto nei registri di Stato Civile del Comune di riferimento, in quanto gli estremi della trascrizione devono essere riportati sulla CIE.<\/p>\n<p><strong>3. Appuntamento e documentazione da presentare:<\/strong><\/p>\n<p>All\u2019appuntamento il cittadino dovr\u00e0 presentarsi con i seguenti documenti:<\/p>\n<ul>\n<li>1 fototessera, in formato cartaceo dello stesso tipo di quelle utilizzate per il passaporto;<\/li>\n<li><strong><a href=\"https:\/\/ambzagabria.esteri.it\/wp-content\/uploads\/2025\/10\/DOMANDA-DI-RILASCIO-CARTA-DIDENTITA_22.10.2025.pdf\" target=\"_blank\" rel=\"noopener\">Modulo della domanda di rilascio<\/a> <\/strong>debitamente compilato;<\/li>\n<li><a href=\"https:\/\/ambzagabria.esteri.it\/wp-content\/uploads\/2023\/10\/10.-domanda_di_rilascio_carta_didentita_per_minore_30.08.2023.pdf\" target=\"_blank\" rel=\"noopener\"><strong>Modulo della domanda di rilascio per i minori di 18 anni<\/strong><\/a> debitamente compilato con assenso e copie dei documenti di entrambi genitori;<\/li>\n<li>Precedente carta di identit\u00e0 (anche se scaduta) o altro documento di riconoscimento;<\/li>\n<\/ul>\n<p>Al momento dell\u2019appuntamento l\u2019operatore consolare acquisir\u00e0 la foto e, salvo che per i minori di 12 anni, le impronte digitali, e la firma, che saranno registrate in sicurezza all\u2019interno del microchip presente nella propria CIE e non depositate in nessun altro luogo.<\/p>\n<p><strong>4. Costo<\/strong><\/p>\n<p>Il costo del documento \u00e8 di:<\/p>\n<ul>\n<li>21,95 euro complessivi, in caso di primo rilascio o rinnovo;<\/li>\n<li>27,11 euro complessivi in caso di duplicato per furto o smarrimento.<\/li>\n<\/ul>\n<p>Il pagamento dovr\u00e0 essere effettuato il giorno dell\u2019appuntamento in contanti.<\/p>\n<p><strong>4. Consegna della carta d\u2019identit\u00e0<\/strong><\/p>\n<p>La CIE viene stampata e poi recapitata a mezzo posta presso l\u2019indirizzo di residenza (o recapito) dichiarato dal richiedente, a cura dell\u2019Istituto Poligrafico e Zecca dello Stato, entro 15 giorni dalla data della richiesta in Consolato.<br \/>\nIn caso di mancata consegna per indirizzo errato, \u00e8 prevista la giacenza presso il locale ufficio postale, al termine della quale il plico viene restituito all\u2019Ufficio consolare di riferimento per un ulteriore tentativo di consegna.<\/p>\n","protected":false},"excerpt":{"rendered":"La Carta di identit\u00e0 Elettronica \u00e8 un documento multifunzionale: attesta l\u2019identit\u00e0 del cittadino, \u00e8 un documento di viaggio, riporta il codice fiscale e si pu\u00f2 utilizzare per richiedere un\u2019identit\u00e0 sul sistema SPID (Sistema Pubblico di Identit\u00e0 Digitale) con cui accedere ai Servizi erogati dalle Pubbliche Amministrazioni Italiane. La carta d\u2019identit\u00e0 elettronica equivale al passaporto ai [&hellip;]","protected":false},"author":6,"featured_media":2759,"parent":49,"menu_order":0,"comment_status":"closed","ping_status":"closed","template":"","meta":{"footnotes":""},"class_list":["post-2756","page","type-page","status-publish","has-post-thumbnail","hentry"],"_links":{"self":[{"href":"https:\/\/ambzagabria.esteri.it\/it\/wp-json\/wp\/v2\/pages\/2756","targetHints":{"allow":["GET"]}}],"collection":[{"href":"https:\/\/ambzagabria.esteri.it\/it\/wp-json\/wp\/v2\/pages"}],"about":[{"href":"https:\/\/ambzagabria.esteri.it\/it\/wp-json\/wp\/v2\/types\/page"}],"author":[{"embeddable":true,"href":"https:\/\/ambzagabria.esteri.it\/it\/wp-json\/wp\/v2\/users\/6"}],"replies":[{"embeddable":true,"href":"https:\/\/ambzagabria.esteri.it\/it\/wp-json\/wp\/v2\/comments?post=2756"}],"version-history":[{"count":4,"href":"https:\/\/ambzagabria.esteri.it\/it\/wp-json\/wp\/v2\/pages\/2756\/revisions"}],"predecessor-version":[{"id":4652,"href":"https:\/\/ambzagabria.esteri.it\/it\/wp-json\/wp\/v2\/pages\/2756\/revisions\/4652"}],"up":[{"embeddable":true,"href":"https:\/\/ambzagabria.esteri.it\/it\/wp-json\/wp\/v2\/pages\/49"}],"wp:featuredmedia":[{"embeddable":true,"href":"https:\/\/ambzagabria.esteri.it\/it\/wp-json\/wp\/v2\/media\/2759"}],"wp:attachment":[{"href":"https:\/\/ambzagabria.esteri.it\/it\/wp-json\/wp\/v2\/media?parent=2756"}],"curies":[{"name":"wp","href":"https:\/\/api.w.org\/{rel}","templated":true}]}}