{"id":379,"date":"2023-10-06T17:01:36","date_gmt":"2023-10-06T15:01:36","guid":{"rendered":"https:\/\/ambzagabria.esteri.it\/?page_id=379"},"modified":"2023-10-06T17:01:36","modified_gmt":"2023-10-06T15:01:36","slug":"spid-sistema-pubblico-per-la-gestione-dellidentita-digitale","status":"publish","type":"page","link":"https:\/\/ambzagabria.esteri.it\/it\/servizi-consolari-e-visti\/servizi-per-il-cittadino-italiano\/spid-sistema-pubblico-per-la-gestione-dellidentita-digitale\/","title":{"rendered":"SPID (Sistema Pubblico per la gestione dell&#8217;Identit\u00e0 Digitale)"},"content":{"rendered":"<p>\u00c8 un sistema semplice, sicuro e veloce; permette di accedere ai servizi online della Pubblica Amministrazione e dei soggetti privati aderenti con un\u2019unica Identit\u00e0 Digitale (username e password) utilizzabile da computer, tablet e smartphone.<\/p>\n<p>L\u2019utilizzo dello SPID \u00e8 gratuito ed anche la richiesta, ma alcune forme di riconoscimento da parte degli operatori potrebbero essere a pagamento.<\/p>\n<p>Anche i cittadini italiani residenti all&#8217;estero possono ottenere le credenziali del Sistema Pubblico per la Gestione dell\u2019Identit\u00e0 Digitale (SPID).<\/p>\n<p><strong>COSA E&#8217; SPID<\/strong><br \/>\nSPID \u00e8 il sistema di autenticazione che permette a cittadini ed imprese di accedere con un\u2019identit\u00e0 digitale.<br \/>\nL\u2019identit\u00e0 SPID \u00e8 costituita da credenziali che vengono rilasciate all&#8217;utente dai Gestori di Identit\u00e0 Digitale (&#8220;Identity Provider&#8221; &#8211; IdP) accreditati dall&#8217;Agenzia per l&#8217;Italia Digitale (AgID).<br \/>\nIn base al Regolamento UE n.910\/2014 eIDAS (electronic IDentification Authentication and Signature) &#8211; a partire dal 1 ottobre 2018 gli Stati membri dovranno riconoscere i mezzi di identificazione elettronica delle persone fisiche e giuridiche che rientrano in un regime notificato di identificazione elettronica di un altro Stato membro. I connazionali dotati di SPID potranno pertanto accedere ai servizi online erogati in un altro Paese UE e, analogamente, cittadini europei dotati di identificazione elettronica potranno avere accesso ai servizi della Pubblica Amministrazione.<\/p>\n<p><strong>COME RICHIEDERE LE CREDENZIALI SPID<\/strong><br \/>\nLa richiesta delle credenziali SPID avviene tramite registrazione sul sito di uno degli IdP accreditati. SPID \u00e8 al momento gratuito, ma alcuni IdP offrono anche modalit\u00e0 di registrazione a pagamento.<br \/>\nL&#8217;ottenimento dell\u2019identit\u00e0 SPID \u00e8 subordinato ad una identificazione del richiedente de visu (identificazione non necessaria tuttavia se l&#8217;utente \u00e8 dotato di carta d\u2019identit\u00e0 elettronica, Carta Nazionale dei Servizi o se utilizza una firma elettronica qualificata per sottoscrivere la richiesta).<br \/>\nCiascun IdP offre diverse modalit\u00e0 per richiedere e ottenere SPID e l&#8217;utente pu\u00f2 cos\u00ec scegliere liberamente il soggetto che consente di completare la procedura in maniera pi\u00f9 semplice.<br \/>\nLe modalit\u00e0 di attribuzione dello SPID per ciascun IdP sono indicate sul sito:\u00a0<a href=\"https:\/\/www.spid.gov.it\/richiedi-spid\">https:\/\/www.spid.gov.it\/richiedi-spid<\/a>.<\/p>\n<p><strong>SPID PER GLI ITALIANI ALL&#8217;ESTERO<\/strong><br \/>\nI cittadini italiani all&#8217;estero possono ottenere l\u2019identit\u00e0 digitale SPID purch\u00e9 abbiano a disposizione i documenti necessari, vale a dire<br \/>\ntessera sanitaria con codice fiscale e un documento d\u2019identit\u00e0 valido (emesso da un\u2019autorit\u00e0 italiana). In assenza della tessera sanitaria, si potr\u00e0 esibire il tesserino del codice fiscale (quello che nel retro riporta il &#8220;Numero di identificazione della tessera&#8221;) o, se sprovvisti di codice fiscale, se ne potr\u00e0 fare richiesta all&#8217;Agenzia delle Entrate per il tramite dell&#8217;Ufficio consolare di riferimento. Far\u00e0 in tal caso fede il certificato prodotto dall&#8217;Agenzia delle Entrate contenente il codice fiscale, vidimato dall&#8217;Ufficio consolare.<\/p>\n<p>Gli Identity Provider forniscono diverse modalit\u00e0 di registrazione gratuitamente o a pagamento ed i rispettivi SPID hanno diversi livelli di sicurezza.<\/p>\n<p>La tabella riportata (<a href=\"https:\/\/www.spid.gov.it\/cos-e-spid\/come-scegliere-tra-gli-idp\/\">https:\/\/www.spid.gov.it\/cos-e-spid\/come-scegliere-tra-gli-idp\/<\/a>) fornisce un quadro aggiornato della situazione.<\/p>\n<p>Si consiglia di visitare i siti dei diversi gestori per verificare le condizioni di rilascio e scegliere quella pi\u00f9 utile per te ricordando che usando CIE, CNS, e Passaporto elettronico puoi ottenere lo SPID da remoto (ossia a distanza).<\/p>\n<p>Collegandoti al link:\u00a0<a href=\"https:\/\/www.spid.gov.it\/\">https:\/\/www.spid.gov.it<\/a>\u00a0puoi cercare tra i servizi SPID di oltre 4000 Amministrazioni e trovare l\u2019elenco dei fornitori di servizi privati.<\/p>\n<p>Con le credenziali SPID potrai accedere al \u201c<a href=\"https:\/\/ambzagabria.esteri.it\/ambasciata_zagabria\/it\/informazioni_e_servizi\/servizi_consolari\/il-portale-dei-servizi-consolari_0.html\">FAST IT<\/a>\u201d della Farnesina dedicato ai servizi consolari.<\/p>\n","protected":false},"excerpt":{"rendered":"\u00c8 un sistema semplice, sicuro e veloce; permette di accedere ai servizi online della Pubblica Amministrazione e dei soggetti privati aderenti con un\u2019unica Identit\u00e0 Digitale (username e password) utilizzabile da computer, tablet e smartphone. L\u2019utilizzo dello SPID \u00e8 gratuito ed anche la richiesta, ma alcune forme di riconoscimento da parte degli operatori potrebbero essere a [&hellip;]","protected":false},"author":4,"featured_media":0,"parent":47,"menu_order":0,"comment_status":"closed","ping_status":"closed","template":"","meta":{"footnotes":""},"class_list":["post-379","page","type-page","status-publish","hentry"],"_links":{"self":[{"href":"https:\/\/ambzagabria.esteri.it\/it\/wp-json\/wp\/v2\/pages\/379","targetHints":{"allow":["GET"]}}],"collection":[{"href":"https:\/\/ambzagabria.esteri.it\/it\/wp-json\/wp\/v2\/pages"}],"about":[{"href":"https:\/\/ambzagabria.esteri.it\/it\/wp-json\/wp\/v2\/types\/page"}],"author":[{"embeddable":true,"href":"https:\/\/ambzagabria.esteri.it\/it\/wp-json\/wp\/v2\/users\/4"}],"replies":[{"embeddable":true,"href":"https:\/\/ambzagabria.esteri.it\/it\/wp-json\/wp\/v2\/comments?post=379"}],"version-history":[{"count":2,"href":"https:\/\/ambzagabria.esteri.it\/it\/wp-json\/wp\/v2\/pages\/379\/revisions"}],"predecessor-version":[{"id":509,"href":"https:\/\/ambzagabria.esteri.it\/it\/wp-json\/wp\/v2\/pages\/379\/revisions\/509"}],"up":[{"embeddable":true,"href":"https:\/\/ambzagabria.esteri.it\/it\/wp-json\/wp\/v2\/pages\/47"}],"wp:attachment":[{"href":"https:\/\/ambzagabria.esteri.it\/it\/wp-json\/wp\/v2\/media?parent=379"}],"curies":[{"name":"wp","href":"https:\/\/api.w.org\/{rel}","templated":true}]}}