{"id":39,"date":"2023-04-11T17:55:33","date_gmt":"2023-04-11T15:55:33","guid":{"rendered":"https:\/\/ambasciatapraga.esteri.it\/?page_id=39"},"modified":"2025-04-29T16:06:48","modified_gmt":"2025-04-29T14:06:48","slug":"la-sede","status":"publish","type":"page","link":"https:\/\/ambzagabria.esteri.it\/it\/chi-siamo\/la-sede\/","title":{"rendered":"La Sede"},"content":{"rendered":"<p style=\"text-align: center;\"><strong><img loading=\"lazy\" decoding=\"async\" class=\"alignnone size-full wp-image-277 img-fluid\" src=\"https:\/\/ambzagabria.esteri.it\/wp-content\/uploads\/2023\/08\/Sede.jpg\" alt=\"\" width=\"233\" height=\"187\" \/><\/strong><\/p>\n<p style=\"text-align: center;\"><strong>Palazzo \u010ceh<br \/>\n(sede dell\u2019Ambasciata d\u2019Italia a Zagabria, sita in Meduli\u0107eva 22) **<\/strong><\/p>\n<p>La palazzina, costruita tra il 1887 ed il 1888, su commissione del Prof. ceco Dragutin \u010ceh, \u00e8 una delle prime opere dell\u2019architetto zagabrese di origine ebraica Leo H\u00f6nigsberg.<\/p>\n<p>Nato nel 1861 a Zagabria, studia al Politecnico di Vienna dove apprende le tecniche di costruzione dal noto architetto austriaco Ferstel. Dal 1883 al 1888 lavora presso l\u2019atelier del costruttore viennese Tischler. Rientra definitivamente a Zagabria nel 1888 e, un anno dopo, assieme al socio Julio Deutsch costituisce l\u2019impresa edile \u201cH\u00f6ningsberg e Deutsch\u201d, che nei successivi 15 anni otterr\u00e0 commissioni per un centinaio di importanti edifici nella parte bassa della citt\u00e0 di Zagabria, fortemente danneggiata dal terremoto del 1880.<\/p>\n<p>La palazzina si sviluppa su un piano, la cui facciata si compone di sette assi verticali contenenti le finestre; il portone d\u2019entrata si trova al centro e sopra di esso, al primo piano, \u00e8 collocato un balconcino a nicchia. L\u2019edificio \u00e8 stato realizzato, sul progetto di H\u00f6nigsberg, dall\u2019architetto ed ingegnere edile Gjuro Carnelutti (nato a Gemona, nei pressi di Udine, nel 1854 e trasferitosi a Zagabria nel 1879).<\/p>\n<p>La palazzina sita in Meduli\u0107eva 22 \u00e8 stata recensita all\u2019epoca dalla rivista \u201cWiener-Bauindustrie-Zeitung\u201d: \u201cL\u2019architetto Leo H\u00f6nigsberg ha ben distribuito l\u2019edificio nella sua disposizione interna ed ha creato sulla facciata una splendida composizione massiccia simile ad un palazzo, creando proporzioni forti ed adeguate. Il pianterreno \u00e8 ben elaborato, imitando quadranti di pietra, mentre il primo piano \u00e8 una combinazione di figure di mattoni a vista e pietra tagliata. La parte centrale forma un tutto organico in armonia con le colonne ed i pilastri, con un portale d\u2019entrata sovrastato da una loggia a mezza cupola e coronato da un frontone sul tetto a forma di campanile\u201d.<\/p>\n<p>Il Prof. \u010ceh, da cui la palazzina ha preso il nome, dopo aver terminato gli studi di chimica a Praga, si trasferisce nel 1886 a Zagabria per dedicarsi alla coltura del luppolo e alla produzione della birra.<\/p>\n<p>A partire dai primi anni \u201950, Palazzo \u010ceh ha ospitato il Consolato Generale e, a decorrere dal 16 gennaio 1992, l&#8217;Ambasciata d&#8217;Italia in Croazia.<\/p>\n<p>&nbsp;<\/p>\n<p>** <span style=\"text-decoration: underline;\">AVVISO<\/span>:\u00a0 Dal 28 aprile 2025 l&#8217;Ambasciata si \u00e8 trasferita presso la sede temporanea, sita in Radni\u010dka Cesta 50 &#8211; 1000 Zagabria<\/p>\n","protected":false},"excerpt":{"rendered":"Palazzo \u010ceh (sede dell\u2019Ambasciata d\u2019Italia a Zagabria, sita in Meduli\u0107eva 22) ** La palazzina, costruita tra il 1887 ed il 1888, su commissione del Prof. ceco Dragutin \u010ceh, \u00e8 una delle prime opere dell\u2019architetto zagabrese di origine ebraica Leo H\u00f6nigsberg. Nato nel 1861 a Zagabria, studia al Politecnico di Vienna dove apprende le tecniche di [&hellip;]","protected":false},"author":1,"featured_media":0,"parent":13,"menu_order":2,"comment_status":"closed","ping_status":"closed","template":"","meta":{"footnotes":""},"class_list":["post-39","page","type-page","status-publish","hentry"],"_links":{"self":[{"href":"https:\/\/ambzagabria.esteri.it\/it\/wp-json\/wp\/v2\/pages\/39","targetHints":{"allow":["GET"]}}],"collection":[{"href":"https:\/\/ambzagabria.esteri.it\/it\/wp-json\/wp\/v2\/pages"}],"about":[{"href":"https:\/\/ambzagabria.esteri.it\/it\/wp-json\/wp\/v2\/types\/page"}],"author":[{"embeddable":true,"href":"https:\/\/ambzagabria.esteri.it\/it\/wp-json\/wp\/v2\/users\/1"}],"replies":[{"embeddable":true,"href":"https:\/\/ambzagabria.esteri.it\/it\/wp-json\/wp\/v2\/comments?post=39"}],"version-history":[{"count":6,"href":"https:\/\/ambzagabria.esteri.it\/it\/wp-json\/wp\/v2\/pages\/39\/revisions"}],"predecessor-version":[{"id":3891,"href":"https:\/\/ambzagabria.esteri.it\/it\/wp-json\/wp\/v2\/pages\/39\/revisions\/3891"}],"up":[{"embeddable":true,"href":"https:\/\/ambzagabria.esteri.it\/it\/wp-json\/wp\/v2\/pages\/13"}],"wp:attachment":[{"href":"https:\/\/ambzagabria.esteri.it\/it\/wp-json\/wp\/v2\/media?parent=39"}],"curies":[{"name":"wp","href":"https:\/\/api.w.org\/{rel}","templated":true}]}}