{"id":41,"date":"2023-04-11T18:07:19","date_gmt":"2023-04-11T16:07:19","guid":{"rendered":"https:\/\/ambasciatapraga.esteri.it\/?page_id=41"},"modified":"2026-04-10T11:52:55","modified_gmt":"2026-04-10T09:52:55","slug":"numeri-di-emergenza","status":"publish","type":"page","link":"https:\/\/ambzagabria.esteri.it\/it\/chi-siamo\/numeri-di-emergenza\/","title":{"rendered":"Numeri di emergenza"},"content":{"rendered":"<p style=\"text-align: left;\">Il numero di <span style=\"text-decoration: underline;\"><strong>CELLULARE DI EMERGENZA +385 (0) 98 41 76 60<\/strong><\/span>\u00a0 \u00a0\u00e8 operativo dopo la chiusura degli uffici, <strong><span style=\"text-decoration: underline;\">dalle ore 18.00 fino alle 22.00<\/span><\/strong> ed il sabato, la domenica e nei giorni festivi <span style=\"text-decoration: underline;\"><strong>dalle 08.00 alle 22.00<\/strong><\/span>.<\/p>\n<p>Il servizio di reperibilit\u00e0 della Cancelleria Consolare dell\u2019Ambasciata d\u2019Italia a Zagabria \u00e8 riservato a interventi di emergenza riguardanti le seguenti regioni: la citt\u00e0 di Zagabria e Regione di Zagabria, Bjelovar e Bilogora, Brod e Posavina, Karlovac, Koprivnica e Kri\u017eevci, Krapina e Zagorje, Me\u0111imurje, Osijek e Baranja, Po\u017eega e Slavonia, Sisak e Moslavina, Vara\u017edin, Virovitica e Podravina, Vukovar e Sirmia.<\/p>\n<p><span style=\"text-decoration: underline;\"><strong>ATTENZIONE<\/strong><\/span><strong>:<\/strong> in caso di emergenza in altre regioni si prega di contattare direttamente il <strong><span style=\"text-decoration: underline;\">Consolato <\/span><\/strong><strong><span style=\"text-decoration: underline;\">Generale d&#8217;Italia a Fiume o gli Uffici Consolari onorari<\/span><\/strong>, i cui recapiti sono elencati ai seguenti link:<\/p>\n<p><strong><a href=\"https:\/\/consfiume.esteri.it\/it\/\">Consolato Generale d&#8217;Italia a Fiume \u2013 Sito Ufficiale del Consolato Generale d&#8217;Italia a Fiume (esteri.it)<\/a><\/strong><\/p>\n<p><strong><a href=\"https:\/\/ambzagabria.esteri.it\/it\/chi-siamo\/la-rete-consolare\/\">La Rete Consolare \u2013 Ambasciata d&#8217;Italia Zagabria (esteri.it)<\/a><\/strong><\/p>\n<p>Nelle ore notturne i connazionali, solo per le <span style=\"text-decoration: underline;\"><strong>EMERGENZE<\/strong><\/span>, possono contattare il Funzionario di turno presso il Ministero degli Affari Esteri e della Cooperazione Internazionale a Roma al numero <strong><span style=\"text-decoration: underline;\">+39 06 3691 2666<\/span>.<\/strong><\/p>\n<p><strong><span style=\"color: #ff0000;\">Si ricorda che i numeri indicati sono adibiti esclusivamente alla segnalazione di situazioni di <\/span><\/strong><strong><span style=\"color: #ff0000;\">grave e comprovata emergenza che richiedono interventi immediati e non differibili a tutela dei <\/span><\/strong><strong><span style=\"color: #ff0000;\">cittadini italiani all\u2019estero (quali: incidenti, arresti, gravi problemi medici, calamit\u00e0 naturali, <\/span><\/strong><strong><span style=\"color: #ff0000;\">serie situazioni familiari). <\/span><\/strong><strong><span style=\"color: #ff0000;\">I funzionari di turno non possono dare seguito a richieste generiche relative a pratiche <\/span><\/strong><strong><span style=\"color: #ff0000;\">amministrative quali, ad esempio: iscrizioni AIRE, stato civile, passaporti o carte d\u2019identit\u00e0, <\/span><\/strong><strong><span style=\"color: #ff0000;\">richieste cittadinanza, servizi notarili, visti, ecc.<\/span><\/strong><\/p>\n<p><strong><span style=\"text-decoration: underline;\">NUMERI DI EMERGENZA IN CROAZIA<\/span>:<\/strong><\/p>\n<p><strong>\u00a0+385 112<\/strong> \u2013 Numero unico di emergenza<\/p>\n<p><strong>\u00a0+385 192<\/strong> \u2013 Polizia<\/p>\n<p><strong>\u00a0+385 194<\/strong> \u2013 Pronto soccorso<\/p>\n<p><strong>\u00a0+385 193<\/strong> \u2013 Vigili del fuoco<\/p>\n<p><strong>\u00a0+385 1987<\/strong> \u2013 Soccorso stradale<\/p>\n<p><strong>\u00a0+385 195<\/strong>\u00a0\u2013 Centro nazionale di coordinamento delle operazioni di ricerca e salvataggio in mare<\/p>\n","protected":false},"excerpt":{"rendered":"Il numero di CELLULARE DI EMERGENZA +385 (0) 98 41 76 60\u00a0 \u00a0\u00e8 operativo dopo la chiusura degli uffici, dalle ore 18.00 fino alle 22.00 ed il sabato, la domenica e nei giorni festivi dalle 08.00 alle 22.00. Il servizio di reperibilit\u00e0 della Cancelleria Consolare dell\u2019Ambasciata d\u2019Italia a Zagabria \u00e8 riservato a interventi di emergenza [&hellip;]","protected":false},"author":1,"featured_media":0,"parent":13,"menu_order":6,"comment_status":"closed","ping_status":"closed","template":"","meta":{"footnotes":""},"class_list":["post-41","page","type-page","status-publish","hentry"],"_links":{"self":[{"href":"https:\/\/ambzagabria.esteri.it\/it\/wp-json\/wp\/v2\/pages\/41","targetHints":{"allow":["GET"]}}],"collection":[{"href":"https:\/\/ambzagabria.esteri.it\/it\/wp-json\/wp\/v2\/pages"}],"about":[{"href":"https:\/\/ambzagabria.esteri.it\/it\/wp-json\/wp\/v2\/types\/page"}],"author":[{"embeddable":true,"href":"https:\/\/ambzagabria.esteri.it\/it\/wp-json\/wp\/v2\/users\/1"}],"replies":[{"embeddable":true,"href":"https:\/\/ambzagabria.esteri.it\/it\/wp-json\/wp\/v2\/comments?post=41"}],"version-history":[{"count":7,"href":"https:\/\/ambzagabria.esteri.it\/it\/wp-json\/wp\/v2\/pages\/41\/revisions"}],"predecessor-version":[{"id":5458,"href":"https:\/\/ambzagabria.esteri.it\/it\/wp-json\/wp\/v2\/pages\/41\/revisions\/5458"}],"up":[{"embeddable":true,"href":"https:\/\/ambzagabria.esteri.it\/it\/wp-json\/wp\/v2\/pages\/13"}],"wp:attachment":[{"href":"https:\/\/ambzagabria.esteri.it\/it\/wp-json\/wp\/v2\/media?parent=41"}],"curies":[{"name":"wp","href":"https:\/\/api.w.org\/{rel}","templated":true}]}}