{"id":4188,"date":"2025-07-14T11:43:34","date_gmt":"2025-07-14T09:43:34","guid":{"rendered":"https:\/\/ambzagabria.esteri.it\/?page_id=4188"},"modified":"2025-09-24T12:26:43","modified_gmt":"2025-09-24T10:26:43","slug":"naturalizzazione-per-matrimonio","status":"publish","type":"page","link":"https:\/\/ambzagabria.esteri.it\/it\/servizi-consolari-e-visti\/servizi-per-il-cittadino-straniero\/cittadinanza\/naturalizzazione-per-matrimonio\/","title":{"rendered":"Naturalizzazione per matrimonio"},"content":{"rendered":"<p style=\"text-align: justify;\"><strong>In conformit\u00e0 alla normativa in vigore, che richiede la conoscenza della lingua italiana, le informazioni relative alla cittadinanza per matrimonio vengono fornite in italiano.<\/strong><\/p>\n<p style=\"text-align: justify;\"><strong><em>Coloro che richiedono la cittadinanza italiana per matrimonio o unione civile devono essere a conoscenza dei doveri nei confronti della Repubblica italiana, primi fra tutti l\u2019adesione ai valori nazionali e l\u2019irreprensibilit\u00e0 della condotta.<\/em><\/strong><\/p>\n<p style=\"text-align: justify;\">L\u2019acquisto della cittadinanza italiana da parte del coniuge straniero o apolide che abbia contratto matrimonio con cittadino italiano a partire dal 27 aprile 1983 \u00e8 attualmente regolato dalla Legge 5 febbraio 1992 n. 91 (artt. 5, 6, 7 e 8) e successive modifiche.<\/p>\n<p style=\"text-align: justify;\">Le richieste di cittadinanza italiana possono essere presentate anche da parte del\/la cittadino\/a straniero\/a che abbia costituito un\u2019unione civile con cittadino\/a italiano\/a trascritta nei registri dello stato civile del Comune italiano (D. Lgs. 5, 6 e 7\/ 2017).<\/p>\n<p style=\"text-align: justify;\">Il coniuge\/parte dell\u2019unione civile straniero pu\u00f2 acquistare la cittadinanza italiana su domanda, in presenza dei requisiti stabiliti dalla normativa vigente, come spiegato nelle sezioni successive.<\/p>\n<p style=\"text-align: justify;\"><strong>2.Requisiti per la richiesta della cittadinanza<\/strong><\/p>\n<ul>\n<li><strong><u>Residenza<\/u>\u00a0nella circoscrizione consolare:<\/strong>\n<ul>\n<li style=\"text-align: justify;\">Il richiedente dovr\u00e0 indirizzare la domanda alla Rappresentanza diplomatico-consolare competente per la sua residenza, esclusivamente attraverso il \u00a0portale cittadinanza del Ministero dell\u2019Interno\u00a0<a class=\"focus--mouse\" href=\"https:\/\/portaleserviziapp.dlci.interno.it\/\" data-focus-mouse=\"true\">https:\/\/portaleserviziapp.dlci.interno.it<\/a>\/<\/li>\n<li style=\"text-align: justify;\">Il coniuge\/parte dell\u2019unione civile di nazionalit\u00e0 italiana deve essere residente e regolarmente iscritto all\u2019Anagrafe degli Italiani residenti all\u2019estero (A.I.R.E.) della circoscrizione consolare di competenza e convivente allo stesso indirizzo del richiedente la cittadinanza. In caso contrario, dovr\u00e0 essere fornita da entrambi i coniugi documentazione comprovante la motivazione (es. lavoro, scolarit\u00e0 dei figli, cure mediche o altro), che determina o ha determinato la necessit\u00e0 del domicilio disgiunto.<\/li>\n<\/ul>\n<\/li>\n<li style=\"text-align: justify;\"><strong><u>Termini di presentazione<\/u>:<\/strong>\n<ul>\n<li>La domanda pu\u00f2 essere presentata tre anni dopo la celebrazione del matrimonio\/unione civile, se il coniuge \u00e8 cittadino italiano\u00a0<em>iure sanguinis,\u00a0<\/em>cio\u00e8 dalla nascita. Se il coniuge italiano ha acquisito la cittadinanza successivamente al matrimonio (ad es. per residenza in Italia), i tre anni decorrono dalla data della naturalizzazione del coniuge. I tre anni vengono ridotti a un anno e mezzo in presenza di figli nati o adottati dai coniugi.<\/li>\n<\/ul>\n<\/li>\n<\/ul>\n<ul style=\"text-align: justify;\">\n<li><strong><u>Trascrizione e validit\u00e0 del matrimonio\/unione civile<\/u><\/strong>:\n<ul>\n<li>Se avvenuto all\u2019estero, deve essere stato precedentemente trascritto presso un Comune in Italia.<\/li>\n<li>Il vincolo di coniugio\/unione civile deve rimanere valido e stabile fino all\u2019adozione del provvedimento di concessione della cittadinanza. Al fine del conferimento della cittadinanza italiana, alla data di adozione del decreto non deve essere intervenuto lo scioglimento del matrimonio\/unione civile per separazione personale o divorzio. Invece, il decesso del coniuge dopo la presentazione della domanda di cittadinanza non comporta la decadenza dal beneficio.<\/li>\n<\/ul>\n<\/li>\n<\/ul>\n<ul>\n<li><strong><u>Situazione penale:<\/u><\/strong>\n<ul>\n<li style=\"text-align: justify;\">Assenza di sentenze di condanna da parte delle Autorit\u00e0 giudiziarie italiane per reati per i quali sia prevista una pena superiore a tre anni di reclusione.<\/li>\n<li style=\"text-align: justify;\">Assenza di sentenze di condanna da parte delle Autorit\u00e0 giudiziarie straniere ad una pena superiore ad un anno per reati non politici.<\/li>\n<li>Assenza di condanne per delitti contro la personalit\u00e0 dello Stato e di motivi ostativi per la sicurezza della Repubblica.<\/li>\n<\/ul>\n<\/li>\n<\/ul>\n<ul>\n<li><strong><u>Conoscenza della lingua italiana non inferiore a livello B1 del Quadro Comune Europeo di Riferimento (QCER)<\/u><\/strong><\/li>\n<li><strong><u>Pagamento delle tasse e percezioni indicate nelle sezioni Documenti e Costi<\/u><\/strong><\/li>\n<\/ul>\n<p style=\"text-align: justify;\"><strong>3. DOCUMENTI NECESSARI PER LA RICHIESTA DI CITTADINANZA<\/strong><\/p>\n<p style=\"text-align: justify;\">1. Estratto dell\u2019atto di nascita o equivalente: in originale, rilasciato possibilmente da non oltre sei mesi dalle Autorit\u00e0 del Paese in cui si \u00e8 nati, completo di tutte le generalit\u00e0 (incluse paternit\u00e0 e maternit\u00e0), debitamente legalizzato\/apostillato e tradotto in lingua italiana.\u00a0<strong>Per i nati in Croazia occorre semplicemente allegare l\u2019atto di nascita redatto su formulario plurilingue.<\/strong><\/p>\n<p style=\"text-align: justify;\">2. Certificato Penale del Paese di origine e degli eventuali Paesi terzi di residenza (a partire dai 14 anni d\u2019et\u00e0) \u2013 tranne l\u2019Italia \u2013 e dei Paesi di cui si possiede la cittadinanza, in originale, rilasciato da non oltre sei mesi prima della presentazione della domanda, debitamente legalizzato\/apostillato e tradotto in lingua italiana.<\/p>\n<ul style=\"text-align: justify;\">\n<li>Il richiedente \u00e8 esonerato dal presentare il certificato penale del Paese di origine solo se lo ha lasciato prima del compimento dei 14 anni e non ne ha conservato la cittadinanza.<\/li>\n<li>Il certificato penale croato \u201e<strong>Potvrda iz kazene evidencije<\/strong>\u201c si richiede al Ministero della Giustizia: Ministarstvo pravosu\u0111a, Odjel za kaznenu evidenciju, Ulica Grada Vukovara 49, 10000 Zagreb; maggiori informazioni sui siti:\u00a0<a href=\"https:\/\/mpu.gov.hr\/potvrda-iz-kaznene-evidencije-radi-ostvarivanja-prava-u-inozemstvu-certificate-of-non-conviction\/6686\">https:\/\/mpu.gov.hr\/potvrda-iz-kaznene-evidencije-radi-ostvarivanja-prava-u-inozemstvu-certificate-of-non-conviction\/6686<\/a>\u00a0e\u00a0<a href=\"https:\/\/gov.hr\/hr\/potvrde-za-ostvarenje-prava-u-inozemstvu\/474\">https:\/\/gov.hr\/hr\/potvrde-za-ostvarenje-prava-u-inozemstvu\/474 .\u00a0<\/a><strong>\u00a0Attenzione:\u00a0<\/strong>il certificato penale deve essere tradotto in lingua italiana da un interprete legale (l\u2019elenco \u00e8 disponible anche sul sito dell&#8217;Ambasciata a Zagabria <a href=\"https:\/\/ambzagabria.esteri.it\/wp-content\/uploads\/2024\/04\/Lista-dei-traduttori-ufficiali-aggiornata-04_2024.pdf\" target=\"_blank\" rel=\"noopener\">(liste-avvocati-traduttori )<\/a>.\u00a0<strong>Si raccomanda<\/strong>\u00a0di scansionare tutte le pagine del certificato penale in un unico file PDF prima di allegarlo alla domanda on line. In alternativa, il certificato penale puo\u2019 essere presentato su modello standard plurilingue ai sensi del Regolamento (UE) 2016\/1191 che semplifica i requisiti per la presentazione di alcuni documenti pubblici nell\u2019Unione europea (<strong>vi\u0161ejezi\u010dni standardni obrazac<\/strong>\u00a0temeljem Uredbe (EU) 2016\/1191) da richiedere allo stesso Ufficio croato. Tale modulo\u00a0<strong>NON<\/strong>\u00a0deve essere tradotto ne\u2019 legalizzato.<\/li>\n<\/ul>\n<p style=\"text-align: justify;\">3. Ricevuta del versamento del contributo di euro 250,00 a favore del Ministero dell\u2019Interno, con le modalit\u00e0 indicate nella sezione \u201cCosti\u201d.<\/p>\n<p style=\"text-align: justify;\">4. Documento di identit\u00e0: fotocopia del passaporto in corso di validit\u00e0 (pagine con i dati personali, fotografia, date di rilascio e scadenza) oppure carta di identit\u00e0.<\/p>\n<p style=\"text-align: justify;\">5. Copia dell\u2019atto di matrimonio o estratto per riassunto del registro dei matrimoni,\u00a0<strong>da richiedere al competente Comune italiano in cui l\u2019atto risulta trascritto, possibilmente rilasciato da non oltre sei mesi prima dell\u2019istanza<\/strong>. Questo documento pu\u00f2 essere inserito al momento della presentazione della domanda alla voce \u201cdocumento generico\u201d e andr\u00e0 presentato al momento della convocazione presso l\u2019Ufficio Consolare.\u00a0<strong>NOTA BENE:<\/strong>\u00a0Qualora il richiedente sia un cittadino UE, potr\u00e0 avvalersi dell\u2019autocertificazione al posto dell\u2019atto di matrimonio, stato di famiglia e certificato di cittadinanza del coniuge\/parte dell\u2019unione civile (DPR 445\/2000)<\/p>\n<p style=\"text-align: justify;\">6. Permesso di soggiorno croato (dozvola boravka \u2013 cittadini stranieri) o certificato di residenza uvjerenje o prebivali\u0161tu-cittadini croati) in corso di validit\u00e0 per la verifica della residenza in Croazia (o prova di indirizzo recente per i cittadini UE).<\/p>\n<p style=\"text-align: justify;\">7. Certificato di conoscenza della lingua italiana non inferiore al livello B1 del Quadro Comune Europeo di Riferimento (QCER) o titolo di studio rilasciato da un istituto di istruzione pubblico o paritario riconosciuto dal Ministero dell\u2019Istruzione, dell\u2019Universit\u00e0 e della Ricerca e dal Ministero degli Affari Esteri e della Cooperazione internazionale.\u00a0Gli enti certificatori CLIQ (Certificazione Lingua Italiana di Qualit\u00e0) \u2013 eventualmente in regime di collaborazione con i locali istituti italiani di cultura \u2013 sono esclusivamente l\u2019Universit\u00e0 per stranieri di Siena, l\u2019Universit\u00e0 per stranieri di Perugia, l\u2019Universit\u00e0 Roma Tre e la Societ\u00e0 Dante Alighieri.\u00a0<strong>Attenzione:<\/strong> nella circoscrizione dell&#8217;Ambasciata d\u2019Italia a\u00a0 Zagabria \u00e8 possibile sostenere gli esami per il rilascio dei certificati di competenza linguistica CLIQ presso i diversi enti di seguito indicati:<\/p>\n<p style=\"text-align: justify;\">Istituto Italiano di Cultura \u2013 ZAGABRIA<\/p>\n<p style=\"text-align: justify;\"><em><strong>Non sono tenuti alla presentazione del titolo di conoscenza della lingua italiana:<\/strong><\/em><\/p>\n<ol style=\"text-align: justify;\">\n<li>Coloro che abbiano conseguito un titolo di studio rilasciato da un istituto di istruzione pubblico o paritario in Italia o all\u2019estero, purch\u00e9\u2019 riconosciuto dal MAECI e\/o dal MIUR<\/li>\n<li>Gli stranieri (anche se residenti all\u2019estero) che abbiano sottoscritto l\u2019accordo di integrazione di cui all\u2019art. 4 bis del d.lgs. n. 286\/1998 Testo Unico Immigrazione<\/li>\n<li>I titolari di permesso di soggiorno UE (o CE) per soggiornanti di lungo periodo di cui all\u2019articolo 9 del medesimo testo unico<\/li>\n<\/ol>\n<p style=\"text-align: justify;\"><strong>4. PROCEDURA<\/strong><\/p>\n<p style=\"text-align: justify;\"><em><strong>FASE 1 \u2013 REGISTRAZIONE<\/strong><\/em><\/p>\n<p style=\"text-align: justify;\">Il richiedente dovr\u00e0 effettuare la registrazione sul portale del Ministero dell\u2019Interno (<a href=\"https:\/\/www.interno.gov.it\/it\/temi\/cittadinanza-e-altri-diritti-civili\/cittadinanza\/cittadinanza-invia-tua-domanda\">https:\/\/www.interno.gov.it\/it\/temi\/cittadinanza-e-altri-diritti-civili\/cittadinanza\/cittadinanza-invia-tua-domanda<\/a>).<\/p>\n<p style=\"text-align: justify;\">Si precisa che l\u2019indirizzo email dichiarato sul portale in fase di inoltro della domanda on line costituisce domicilio eletto (art. 47 c.c.), si rende pertanto necessaria una frequente consultazione della propria email in quanto tutte le comunicazioni relative alla domanda di cittadinanza, ivi comprese richieste di integrazione documentale, convocazioni, notifiche di provvedimenti, ecc. avverranno UNICAMENTE tramite canale informatico.<\/p>\n<p style=\"text-align: justify;\"><em><strong><br \/>\nFASE 2 \u2013 INSERIMENTO ISTANZA (Modello AE)<\/strong><\/em><\/p>\n<p style=\"text-align: justify;\">Una volta registrato, il richiedente potr\u00e0 procedere alla compilazione della domanda \u201conline\u201d e all\u2019inserimento di tutti i documenti richiesti sull\u2019apposito portale del Ministero dell\u2019Interno: (<a href=\"https:\/\/portaleserviziapp.dlci.interno.it\/\">https:\/\/portaleserviziapp.dlci.interno.it<\/a>).<\/p>\n<p style=\"text-align: justify;\"><strong>Qualsiasi domanda di carattere tecnico o di contenuto relativa all\u2019istanza online dovr\u00e0 essere risolta rivolgendosi direttamente al Ministero dell\u2019Interno che ha predisposto un servizio di assistenza con FAQ e HelpDesk dedicati.<\/strong><\/p>\n<p style=\"text-align: justify;\">Attenzione: NOTE PER LA COMPILAZIONE DELLA DOMANDA ONLINE<\/p>\n<ul>\n<li style=\"text-align: justify;\"><strong>nel modulo di registrazione vanno inseriti DATA E LUOGO DI NASCITA cos\u00ec come indicati nell\u2019atto di nascita. I dati cosi\u0300 inseriti non potranno pi\u00f9 essere modificati e saranno riportati nel successivo decreto. E\u2019 quindi molto importante compilare con attenzione questa prima scheda anagrafica<\/strong>.<\/li>\n<li style=\"text-align: justify;\">Nelle schermate successive l\u2019istante dovr\u00e0\u0300 compilare altre specifiche maschere anagrafiche per ciascuno dei documenti inseriti a corredo della domanda (certificati penali, documento di riconoscimento, estratto di matrimonio, certificato di lingua italiana\u2026).\u00a0<strong>I dati anagrafici inseriti per ogni scheda dovranno sempre coincidere<\/strong>. Vanno riportate le GENERALIT\u00c0 indicate in atti e documenti formati all\u2019estero dalle competenti autorit\u00e0 straniere. In caso di discordanze, fornire documentazione giustificativa.<\/li>\n<li style=\"text-align: justify;\">Specificare nell\u2019istanza l\u2019eventuale presenza di figli minori del\/della richiedente, nati da una precedente relazione<\/li>\n<li style=\"text-align: justify;\">Una volta inviato il modulo, il sistema invier\u00e0 una mail all\u2019indirizzo di posta elettronica utilizzato per la registrazione. Sar\u00e0 necessario seguire le istruzioni ricevute per confermare la registrazione tramite il link ricevuto nella mail. Una volta effettuata la conferma della registrazione, sar\u00e0 possibile accedere al sistema con la userID e password create per la propria utenza.<\/li>\n<\/ul>\n<p><em><strong>FASE 3 \u2013 VERIFICA CONSOLARE\u00a0<\/strong><\/em><\/p>\n<p style=\"text-align: justify;\">L\u2019Ufficio Consolare sar\u00e0 automaticamente informato della presentazione della domanda e proceder\u00e0 alle necessarie VERIFICHE.<\/p>\n<p style=\"text-align: justify;\">Il richiedente ricever\u00e0 quindi, in modalit\u00e0 telematica tramite il portale del Ministero dell\u2019Interno, una comunicazione relativa all\u2019accettazione o al motivo dell\u2019inammissibilit\u00e0.<\/p>\n<p style=\"text-align: justify;\">In caso di accettazione della domanda, il richiedente sar\u00e0 convocato, per via telematica, presso la Rappresentanza diplomatico-consolare per l\u2019autentica della firma apposta sulla domanda di cittadinanza, per la consegna di tutta la documentazione cartacea IN ORIGINALE, ivi compresa quella gi\u00e0 trasmessa per via telematica tramite il Portale, per la riscossione o verifica dell\u2019avvenuto pagamento delle percezioni consolari previste.<\/p>\n<p style=\"text-align: justify;\">Tutta la documentazione di cui sopra sar\u00e0 conservata in originale dalla Rappresentanza diplomatico-consolare, ad eccezione del passaporto e del certificato linguistico, per i quali verr\u00e0 effettuata una copia conforme con relativi pagamenti.<\/p>\n<p>&nbsp;<\/p>\n<p><em><strong>\u00a0FASE 4 \u2013 VALUTAZIONE e TERMINI DEL PROCEDIMENTO<\/strong><\/em><\/p>\n<p style=\"text-align: justify;\">La valutazione della domanda e la definizione del procedimento sono di esclusiva competenza del Ministero dell\u2019Interno: 24 mesi dalla data di presentazione della domanda \u2013 prorogabili fino al massimo di 36 mesi \u2013 per le istanze di cittadinanza presentate a partire dal 20 dicembre 2020 (data di entrata in vigore della L. 18 dicembre 2020 n. 173). Qualora al termine della valutazione della pratica il procedimento si concluda positivamente, il Ministero dell\u2019Interno invier\u00e0 il Decreto di conferimento di cittadinanza italiana alla Rappresentanza diplomatico-consolare competente per residenza dell\u2019interessato\/a.<\/p>\n<p>&nbsp;<\/p>\n<p><em><strong>FASE 5 \u2013 DECRETO, NOTIFICA E GIURAMENTO<\/strong><\/em><\/p>\n<p style=\"text-align: justify;\">Il Decreto di conferimento della cittadinanza italiana verr\u00e0 notificato \u2013 tramite portale \u2013 con comunicazione indirizzata all\u2019email indicata dal richiedente in fase di registrazione. All\u2019atto della notifica verranno altres\u00ec richiesti documenti volti a verificare la permanenza del vincolo coniugale, con data successiva al decreto, quali, ad esempio (elenco non esaustivo):<\/p>\n<ul style=\"text-align: justify;\">\n<li>Atto integrale di matrimonio rilasciato dal competente Comune italiano (non l\u2019estratto) e corrispondente atto estero<\/li>\n<li>Certificato penale del Paese di attuale residenza, debitamente legalizzato e tradotto<\/li>\n<\/ul>\n<p style=\"text-align: justify;\"><strong>Alla data di adozione del decreto, quindi, non deve essere intervenuto lo scioglimento del matrimonio o dell\u2019unione civile n\u00e9 la separazione personale (sentenza di separazione). Invece, il decesso del coniuge avvenuto dopo la presentazione della domanda di cittadinanza non comporta la decadenza del beneficio.<\/strong><\/p>\n<p style=\"text-align: justify;\">Entro e non oltre sei mesi dalla notifica, l\u2019interessato verr\u00e0 convocato presso gli uffici consolari, per prestare giuramento di fedelt\u00e0 alla Repubblica e alle sue leggi.<\/p>\n<p style=\"text-align: justify;\">\u00c8 previsto il pagamento della percezione ex art. 8 della tabella consolare pari a 15\u20ac.<\/p>\n<p style=\"text-align: justify;\">L\u2019atto integrale di matrimonio va richiesto al Comune italiano nei cui registri l\u2019atto risulta trascritto; il certificato penale si richiede alle Autorit\u00e0 competenti nel paese di residenza e dovr\u00e0 essere in regola con le disposizioni in materia di legalizzazione\/apostille e traduzione, come spiegato nella sezione \u201cdocumenti\u201d.<\/p>\n<p style=\"text-align: justify;\">La persona interessata prester\u00e0 giuramento di fedelt\u00e0 alla Repubblica italiana pronunciando le parole:<\/p>\n<p style=\"text-align: justify;\">\u201cGIURO DI ESSERE FEDELE ALLA REPUBBLICA E DI OSSERVARE LA COSTITUZIONE E LE LEGGI DELLO STATO\u201d<\/p>\n<p style=\"text-align: justify;\">Gli effetti del giuramento, ovvero l\u2019acquisto della cittadinanza italiana, saranno efficaci a partire dal giorno successivo a quello del giuramento.<\/p>\n<p style=\"text-align: justify;\">Il certificato di nascita originale sar\u00e0 inviato per la trascrizione al Comune italiano di riferimento insieme alla richiesta di iscrizione all\u2019AIRE e al verbale dell\u2019avvenuto giuramento.<\/p>\n<p style=\"text-align: justify;\"><strong>5. SEMPLIFICAZIONE AMMINISTRATIVA E COSTI<\/strong><\/p>\n<p style=\"text-align: justify;\">Se il richiedente \u00e8 un cittadino di un paese UE potr\u00e0 avvalersi dell\u2019autocertificazione per il possesso della cittadinanza italiana del coniuge\/parte dell\u2019unione civile, per il vincolo di coniugio\/unione civile con cittadino\/a italiano\/a e la composizione del nucleo familiare.<\/p>\n<p style=\"text-align: justify;\">Le informazioni, i dati e i documenti gi\u00e0 in possesso della Pubblica Amministrazione sono acquisite d\u2019ufficio, previa indicazione da parte dell\u2019interessato degli elementi indispensabili per il reperimento delle informazioni richieste (DPR 445\/2000).<\/p>\n<p style=\"text-align: justify;\"><strong>Costi<\/strong>:<\/p>\n<p style=\"text-align: justify;\">Contributo di euro 250,00 a favore del Ministero dell\u2019Interno, da effettuare esclusivamente sul conto corrente indicato dal Ministero dell\u2019Interno (ricevuta da inserire nella domanda online)<\/p>\n<p style=\"text-align: justify;\">\u201cMinistero dell\u2019Interno D.L.C.I Cittadinanza\u201d<br \/>\nNome della Banca: Poste Italiane S.p.A.<br \/>\nCodice IBAN: IT54D0760103200000000809020<br \/>\nCausale del versamento: Richiesta cittadinanza per matrimonio ex art. 5 L. 91\/1992 e nome e cognome del richiedente<br \/>\nCodice BIC\/SWIFT di Poste Italiane: BPPIITRRXXX (per bonifici esteri);<\/p>\n<p style=\"text-align: justify;\">Codice BIC\/SWIFT: PIBPITRA (per operazioni del circuito EUROGIRO)<\/p>\n<p style=\"text-align: justify;\">Articoli della tabella consolare da applicare con relativi importi:<\/p>\n<ul>\n<li style=\"text-align: justify;\">Autentica di firma sull\u2019istanza: art. 24 \u2013 20,00 euro<\/li>\n<li style=\"text-align: justify;\">Legalizzazione firma del traduttore: art. 69 \u2013 24,00 euro<\/li>\n<li style=\"text-align: justify;\">Copia conforme del documento di identit\u00e0 in corso di validit\u00e0: art 71 \u2013 10,00 euro<br \/>\n(Laddove il documento non sia in caratteri latini occorre anche la traduzione)<\/li>\n<li style=\"text-align: justify;\">Copia conforme della certificazione linguistica: art. 71 \u2013 10,00 euro<\/li>\n<li style=\"text-align: justify;\">Conformit\u00e0 della traduzione di atti di stato civile e certificati penali: art 72A \u2013 13,00 euro<\/li>\n<li style=\"text-align: justify;\">Percezione sul verbale di giuramento: art 8 \u2013 15,00 euro<\/li>\n<\/ul>\n<p style=\"text-align: right;\">data aggiornamento: 14.07.2025<\/p>\n","protected":false},"excerpt":{"rendered":"In conformit\u00e0 alla normativa in vigore, che richiede la conoscenza della lingua italiana, le informazioni relative alla cittadinanza per matrimonio vengono fornite in italiano. Coloro che richiedono la cittadinanza italiana per matrimonio o unione civile devono essere a conoscenza dei doveri nei confronti della Repubblica italiana, primi fra tutti l\u2019adesione ai valori nazionali e l\u2019irreprensibilit\u00e0 [&hellip;]","protected":false},"author":4,"featured_media":0,"parent":90,"menu_order":4,"comment_status":"closed","ping_status":"closed","template":"","meta":{"footnotes":""},"class_list":["post-4188","page","type-page","status-publish","hentry"],"_links":{"self":[{"href":"https:\/\/ambzagabria.esteri.it\/it\/wp-json\/wp\/v2\/pages\/4188","targetHints":{"allow":["GET"]}}],"collection":[{"href":"https:\/\/ambzagabria.esteri.it\/it\/wp-json\/wp\/v2\/pages"}],"about":[{"href":"https:\/\/ambzagabria.esteri.it\/it\/wp-json\/wp\/v2\/types\/page"}],"author":[{"embeddable":true,"href":"https:\/\/ambzagabria.esteri.it\/it\/wp-json\/wp\/v2\/users\/4"}],"replies":[{"embeddable":true,"href":"https:\/\/ambzagabria.esteri.it\/it\/wp-json\/wp\/v2\/comments?post=4188"}],"version-history":[{"count":5,"href":"https:\/\/ambzagabria.esteri.it\/it\/wp-json\/wp\/v2\/pages\/4188\/revisions"}],"predecessor-version":[{"id":4548,"href":"https:\/\/ambzagabria.esteri.it\/it\/wp-json\/wp\/v2\/pages\/4188\/revisions\/4548"}],"up":[{"embeddable":true,"href":"https:\/\/ambzagabria.esteri.it\/it\/wp-json\/wp\/v2\/pages\/90"}],"wp:attachment":[{"href":"https:\/\/ambzagabria.esteri.it\/it\/wp-json\/wp\/v2\/media?parent=4188"}],"curies":[{"name":"wp","href":"https:\/\/api.w.org\/{rel}","templated":true}]}}