{"id":43,"date":"2023-04-11T18:10:30","date_gmt":"2023-04-11T16:10:30","guid":{"rendered":"https:\/\/ambasciatapraga.esteri.it\/?page_id=43"},"modified":"2026-02-26T11:28:37","modified_gmt":"2026-02-26T10:28:37","slug":"diplomazia-economica","status":"publish","type":"page","link":"https:\/\/ambzagabria.esteri.it\/it\/italia-e-croazia\/diplomazia-economica\/","title":{"rendered":"Diplomazia economica"},"content":{"rendered":"<p style=\"margin-top: 0cm; background: white;\"><span style=\"font-size: 13.5pt; font-family: 'Titillium Web'; color: #1a1a1a;\">Le relazioni economiche e commerciali tra l\u2019Italia e la Croazia sono ottime.<\/span><\/p>\n<p style=\"margin-top: 0cm; background: white; box-sizing: border-box; margin-bottom: 1rem; font-variant-ligatures: normal; font-variant-caps: normal; orphans: 2; text-align: start; widows: 2; -webkit-text-stroke-width: 0px; text-decoration-thickness: initial; text-decoration-style: initial; text-decoration-color: initial; word-spacing: 0px;\"><span style=\"font-size: 13.5pt; font-family: 'Titillium Web'; color: #1a1a1a;\">In Croazia si registra la presenza di circa 300 aziende a capitale interamente italiano o misto. Particolarmente significativa \u00e8 la presenza italiana nel settore finanziario e assicurativo. Le due principali banche, Zagreba\u010dka Banka e Privredna Banka, appartengono rispettivamente ai gruppi Unicredit e Intesa San Paolo. Inoltre, Generali \u00e8 un importante attore nel ramo assicurativo. Gli altri settori in cui operano aziende italiane sono: energia, tessile, legno-arredo, metallurgia, turismo, servizi marittimi.<\/span><\/p>\n<p style=\"margin-top: 0cm; background: white; box-sizing: border-box; margin-bottom: 1rem; font-variant-ligatures: normal; font-variant-caps: normal; orphans: 2; text-align: start; widows: 2; -webkit-text-stroke-width: 0px; text-decoration-thickness: initial; text-decoration-style: initial; text-decoration-color: initial; word-spacing: 0px;\"><span style=\"font-size: 13.5pt; font-family: 'Titillium Web'; color: #1a1a1a;\">L\u2019Italia continua ad essere tra i primi partner commerciali della Croazia. Nel 2025 l\u2019interscambio commerciale \u00e8 stato pari a oltre 7,4 mld euro.<\/span><\/p>\n<p>APPROFONDIMENTI:<\/p>\n<ul>\n<li>Informazioni economico-commerciali sulla Croazia: <a href=\"https:\/\/www.infomercatiesteri.it\/\" target=\"_blank\" rel=\"noopener\">Infomercatiesteri<\/a><\/li>\n<li><a href=\"https:\/\/extender.esteri.it\/Sito\/appalti-internazionali-anticipazioni-grandi-progetti\">Gare d&#8217;appalto e grandi progetti ExTender<br \/>\n<\/a><\/li>\n<li><a href=\"https:\/\/ambzagabria.esteri.it\/it\/italia-e-croazia\/diplomazia-economica\/quadro-congiunturale\/\" target=\"_blank\" rel=\"noopener\">Croazia: quadro congiunturale<\/a><\/li>\n<li><a href=\"https:\/\/ccic.hr\/it\/\" target=\"_blank\" rel=\"noopener\">Camera di Commercio Italo-Croata (CCIC)<\/a><\/li>\n<li>Documentazione utile:<a href=\"https:\/\/investcroatia.gov.hr\/wp-content\/uploads\/2021\/01\/Investment-Guide-2023.pdf\" target=\"_blank\" rel=\"noopener\"> Croatia Investment Guide 2023<\/a><\/li>\n<li><a href=\"https:\/\/ambzagabria.esteri.it\/it\/italia-e-croazia\/diplomazia-economica\/bollettini-economici-a-cura-dellambasciata\/\" target=\"_blank\" rel=\"noopener\">Bollettini economici a cura dell&#8217;Ambasciata d&#8217;Italia a Zagreb<\/a><\/li>\n<li>Per richieste di assistenza alla sezione economico-commerciale clicca\u00a0<a href=\"https:\/\/nexus.esteri.it\/\">qui<\/a><\/li>\n<li>Guida alle opportunit\u00e0 per le aziende italiane &#8211; \u201c<a href=\"https:\/\/ambzagabria.esteri.it\/wp-content\/uploads\/2025\/05\/ambasciata_ita_cro_2025_final-low-rez_v2.pdf\" target=\"_blank\" rel=\"noopener\">Diplomazia della crescita: destinazione Croazia<\/a>\u201d<\/li>\n<\/ul>\n<p>&nbsp;<\/p>\n","protected":false},"excerpt":{"rendered":"Le relazioni economiche e commerciali tra l\u2019Italia e la Croazia sono ottime. In Croazia si registra la presenza di circa 300 aziende a capitale interamente italiano o misto. Particolarmente significativa \u00e8 la presenza italiana nel settore finanziario e assicurativo. Le due principali banche, Zagreba\u010dka Banka e Privredna Banka, appartengono rispettivamente ai gruppi Unicredit e Intesa [&hellip;]","protected":false},"author":1,"featured_media":0,"parent":14,"menu_order":0,"comment_status":"closed","ping_status":"closed","template":"","meta":{"footnotes":""},"class_list":["post-43","page","type-page","status-publish","hentry"],"_links":{"self":[{"href":"https:\/\/ambzagabria.esteri.it\/it\/wp-json\/wp\/v2\/pages\/43","targetHints":{"allow":["GET"]}}],"collection":[{"href":"https:\/\/ambzagabria.esteri.it\/it\/wp-json\/wp\/v2\/pages"}],"about":[{"href":"https:\/\/ambzagabria.esteri.it\/it\/wp-json\/wp\/v2\/types\/page"}],"author":[{"embeddable":true,"href":"https:\/\/ambzagabria.esteri.it\/it\/wp-json\/wp\/v2\/users\/1"}],"replies":[{"embeddable":true,"href":"https:\/\/ambzagabria.esteri.it\/it\/wp-json\/wp\/v2\/comments?post=43"}],"version-history":[{"count":7,"href":"https:\/\/ambzagabria.esteri.it\/it\/wp-json\/wp\/v2\/pages\/43\/revisions"}],"predecessor-version":[{"id":5230,"href":"https:\/\/ambzagabria.esteri.it\/it\/wp-json\/wp\/v2\/pages\/43\/revisions\/5230"}],"up":[{"embeddable":true,"href":"https:\/\/ambzagabria.esteri.it\/it\/wp-json\/wp\/v2\/pages\/14"}],"wp:attachment":[{"href":"https:\/\/ambzagabria.esteri.it\/it\/wp-json\/wp\/v2\/media?parent=43"}],"curies":[{"name":"wp","href":"https:\/\/api.w.org\/{rel}","templated":true}]}}