{"id":476,"date":"2023-10-12T10:51:47","date_gmt":"2023-10-12T08:51:47","guid":{"rendered":"https:\/\/ambzagabria.esteri.it\/?page_id=476"},"modified":"2026-02-26T11:27:39","modified_gmt":"2026-02-26T10:27:39","slug":"quadro-congiunturale","status":"publish","type":"page","link":"https:\/\/ambzagabria.esteri.it\/it\/italia-e-croazia\/diplomazia-economica\/quadro-congiunturale\/","title":{"rendered":"Quadro congiunturale"},"content":{"rendered":"<p>La Croazia \u00e8 caratterizzata da un quadro macro-economico stabile. Dopo il crollo del PIL nel 2020 per effetto della pandemia (-8,3%), il Paese ha fatto registrare negli ultimi anni tassi di crescita sostenuti, con picchi nel 2021 (+12,6%) e nel 2022 (+7,3%). Nel 2023 e nel 2024 il PIL \u00e8 aumentato rispettivamente del 3,3 e 3,5%. Nel 2025 si \u00e8 registrato un lieve rallentamento (3%). Il Paese \u00e8 attualmente secondo nell\u2019UE per crescita dell\u2019economia, dopo Malta.<\/p>\n<p>Il tasso di disoccupazione e\u2019 ulteriormente calato nel 2025 (4,5% a fronte del 5,3% del 2024).<\/p>\n<p>Il tasso di inflazione ha fatto registrare livelli superiori alla media UE (3,2% nel 2025), anche se si sta assistendo ad un calo progressivo. Il tasso \u00e8 infatti passato dal 4,5% nel 2023 al 3,4% nel 2024.<\/p>\n<p>Il Governo \u00e8 impegnato nell\u2019introduzione di misure sociali, volte da un lato a portare tutti gli indicatori economici al livello della media UE e dall\u2019altro a contenere gli effetti dell\u2019aumento del costo della vita sulla popolazione. Trai i primi interventi figurano: l\u2019incremento di 130 euro del salario minino mensile che dal 1\u00b0 gennaio 2025 si attesta a 970 euro; l\u2019impegno ad innalzare le pensioni minime a 800 euro. Tra i secondi figurano: l\u2019aumento del numero di prodotti che beneficiano di prezzi calmierati; l\u2019applicazione di un\u2019IVA agevolata a determinate forniture (es. gas per riscaldamento). L\u2019Esecutivo \u00e8 anche impegnato a porre rimedio alla crisi demografica mediante l\u2019introduzione di incentivi alle nascite.<\/p>\n<p>Queste misure sono adottate facendo attenzione a non alterare la stabilit\u00e0 del quadro macro-economico e ad assicurare che esse non vanifichino gli importanti risultati ottenuti in termini di riduzione del debito pubblico (sceso dall\u201986,5% del PIL nel 2020 al 55,8% nel 2025), nonch\u00e9 il rispetto dei parametri fissati dall\u2019UE.<\/p>\n<p>La stabilit\u00e0 del quadro macro-economico del Paese \u00e8 stata riconosciuta nel 2025 dalle agenzie Fitch e S&amp;P che hanno innalzato a \u201cA-\u201cil rating della Croazia, nonch\u00e9 da Moody\u2019s che ha elevato il rating a \u201cA3\u201d .<\/p>\n<p>&nbsp;<\/p>\n","protected":false},"excerpt":{"rendered":"La Croazia \u00e8 caratterizzata da un quadro macro-economico stabile. Dopo il crollo del PIL nel 2020 per effetto della pandemia (-8,3%), il Paese ha fatto registrare negli ultimi anni tassi di crescita sostenuti, con picchi nel 2021 (+12,6%) e nel 2022 (+7,3%). Nel 2023 e nel 2024 il PIL \u00e8 aumentato rispettivamente del 3,3 e [&hellip;]","protected":false},"author":4,"featured_media":0,"parent":43,"menu_order":0,"comment_status":"closed","ping_status":"closed","template":"","meta":{"footnotes":""},"class_list":["post-476","page","type-page","status-publish","hentry"],"_links":{"self":[{"href":"https:\/\/ambzagabria.esteri.it\/it\/wp-json\/wp\/v2\/pages\/476","targetHints":{"allow":["GET"]}}],"collection":[{"href":"https:\/\/ambzagabria.esteri.it\/it\/wp-json\/wp\/v2\/pages"}],"about":[{"href":"https:\/\/ambzagabria.esteri.it\/it\/wp-json\/wp\/v2\/types\/page"}],"author":[{"embeddable":true,"href":"https:\/\/ambzagabria.esteri.it\/it\/wp-json\/wp\/v2\/users\/4"}],"replies":[{"embeddable":true,"href":"https:\/\/ambzagabria.esteri.it\/it\/wp-json\/wp\/v2\/comments?post=476"}],"version-history":[{"count":3,"href":"https:\/\/ambzagabria.esteri.it\/it\/wp-json\/wp\/v2\/pages\/476\/revisions"}],"predecessor-version":[{"id":5227,"href":"https:\/\/ambzagabria.esteri.it\/it\/wp-json\/wp\/v2\/pages\/476\/revisions\/5227"}],"up":[{"embeddable":true,"href":"https:\/\/ambzagabria.esteri.it\/it\/wp-json\/wp\/v2\/pages\/43"}],"wp:attachment":[{"href":"https:\/\/ambzagabria.esteri.it\/it\/wp-json\/wp\/v2\/media?parent=476"}],"curies":[{"name":"wp","href":"https:\/\/api.w.org\/{rel}","templated":true}]}}