{"id":69,"date":"2023-04-11T18:18:20","date_gmt":"2023-04-11T16:18:20","guid":{"rendered":"https:\/\/ambasciatapraga.esteri.it\/?page_id=69"},"modified":"2023-10-12T12:58:05","modified_gmt":"2023-10-12T10:58:05","slug":"assistenza-ai-cittadini-allestero","status":"publish","type":"page","link":"https:\/\/ambzagabria.esteri.it\/it\/servizi-consolari-e-visti\/servizi-per-il-cittadino-italiano\/assistenza-ai-cittadini-allestero\/","title":{"rendered":"Assistenza ai cittadini all&#8217;estero"},"content":{"rendered":"<p><strong>Assistenza consolare<\/strong><\/p>\n<p>Il servizio di assistenza sociale \u00e8 destinato ai cittadini italiani che versano in una situazione di indigenza. In casi eccezionali i connazionali possono ricevere dall\u2019Ambasciata un aiuto economico limitato per superare una momentanea difficolt\u00e0.<\/p>\n<p><strong>Assistenza sanitaria<\/strong><br \/>\nPrestazioni per i cittadini italiani residenti in Croazia o in transito:<br \/>\n&#8211; I connazionali assicurati in Italia devono essere muniti della tessera sanitaria TEAM.<br \/>\n&#8211; Per i pensionati e familiari a carico, l&#8217;ente italiano per l&#8217;assicurazione sanitaria rilascer\u00e0 il modello S1 (attestato di diritto) e lo trasmetter\u00e0 direttamente all&#8217;ente croato<br \/>\n&#8211; Per i lavoratori distaccati e familiari a carico, l&#8217;ente assicurativo italiano provveder\u00e0 a trasmettere all&#8217;ente croato il modello S1 (attestato di diritto).<br \/>\nSi consiglia, inoltre, di conservare alcune fotocopie della tessera sanitaria TEAM, che sia le farmacie che gli ambulatori e ospedali potranno richiedere, visto che per la fatturazione dei servizi dovranno disporre del codice fiscale dell&#8217;utente e del codice della ASL competente.<\/p>\n<p><strong>Si suggerisce di stipulare, prima di intraprendere il viaggio, un\u2019adeguata assicurazione sanitaria che preveda, oltre alla copertura delle spese mediche, anche l\u2019eventuale rimpatrio aereo sanitario o il trasferimento in altro Paese.<\/strong><\/p>\n<p><strong>Rimpatrio delle salme<\/strong><br \/>\nPerdere una persona cara \u00e8 sempre motivo di grande dolore, ma se questo dovesse succedere all&#8217;estero, al dolore si aggiunge la necessit\u00e0 di risolvere alcuni problemi pratici.<br \/>\nQui di seguito si forniscono delle indicazioni sulla soluzione di tali problemi.<br \/>\nPer l&#8217;introduzione in Italia di salme o ceneri, la ditta di Onoranze funebri incaricata dai familiari per la traslazione deve presentare alla Cancelleria Consolare un\u2019apposita domanda contenente le informazioni relative alla persona defunta \u2013 nome, cognome (da nubile se di sesso femminile), luogo e data di nascita e di morte, causa del decesso. E\u2019 necessario, inoltre, specificare il cimitero dove avverr\u00e0 l&#8217;inumazione.<br \/>\nConstatata la regolarit\u00e0 della documentazione presentata, la Cancelleria Consolare trasmette la domanda alle autorit\u00e0 comunali del luogo ove la salma \u00e8 diretta. Una volta ottenuta l&#8217;autorizzazione, la cancelleria Consolare procede all&#8217;apposizione dei sigilli ed al rilascio del Certificato Consolare che accompagna la salma su territorio italiano.<\/p>\n<p><strong>Assistenza ai detenuti<\/strong><br \/>\nNel caso dell\u2019arresto di un connazionale, la Cancelleria Consolare pu\u00f2:<br \/>\n&#8211; effettuare visite consolari al detenuto;<br \/>\n&#8211; indicare un eventuale legale;<br \/>\n&#8211; curare i collegamenti con i familiari in Italia (previo il consenso dell\u2019interessato).<br \/>\nLa Cancelleria Consolare non pu\u00f2 intervenire in giudizio per conto del connazionale nonch\u00e9 pagare le spese legali del detenuto.<\/p>\n<p>Per approfondimenti si consiglia di visitare il sito del Ministero degli Affari Esteri al seguente link:\u00a0<a href=\"https:\/\/www.esteri.it\/it\/servizi-consolari-e-visti\/italiani-all-estero\/assistenzacittadiniestero\/\" target=\"_blank\" rel=\"noopener\">Assistenza ai cittadini all&#8217;estero<\/a><\/p>\n","protected":false},"excerpt":{"rendered":"Assistenza consolare Il servizio di assistenza sociale \u00e8 destinato ai cittadini italiani che versano in una situazione di indigenza. In casi eccezionali i connazionali possono ricevere dall\u2019Ambasciata un aiuto economico limitato per superare una momentanea difficolt\u00e0. Assistenza sanitaria Prestazioni per i cittadini italiani residenti in Croazia o in transito: &#8211; I connazionali assicurati in Italia [&hellip;]","protected":false},"author":1,"featured_media":0,"parent":47,"menu_order":6,"comment_status":"closed","ping_status":"closed","template":"","meta":{"footnotes":""},"class_list":["post-69","page","type-page","status-publish","hentry"],"_links":{"self":[{"href":"https:\/\/ambzagabria.esteri.it\/it\/wp-json\/wp\/v2\/pages\/69","targetHints":{"allow":["GET"]}}],"collection":[{"href":"https:\/\/ambzagabria.esteri.it\/it\/wp-json\/wp\/v2\/pages"}],"about":[{"href":"https:\/\/ambzagabria.esteri.it\/it\/wp-json\/wp\/v2\/types\/page"}],"author":[{"embeddable":true,"href":"https:\/\/ambzagabria.esteri.it\/it\/wp-json\/wp\/v2\/users\/1"}],"replies":[{"embeddable":true,"href":"https:\/\/ambzagabria.esteri.it\/it\/wp-json\/wp\/v2\/comments?post=69"}],"version-history":[{"count":5,"href":"https:\/\/ambzagabria.esteri.it\/it\/wp-json\/wp\/v2\/pages\/69\/revisions"}],"predecessor-version":[{"id":508,"href":"https:\/\/ambzagabria.esteri.it\/it\/wp-json\/wp\/v2\/pages\/69\/revisions\/508"}],"up":[{"embeddable":true,"href":"https:\/\/ambzagabria.esteri.it\/it\/wp-json\/wp\/v2\/pages\/47"}],"wp:attachment":[{"href":"https:\/\/ambzagabria.esteri.it\/it\/wp-json\/wp\/v2\/media?parent=69"}],"curies":[{"name":"wp","href":"https:\/\/api.w.org\/{rel}","templated":true}]}}