{"id":74,"date":"2023-04-11T18:20:09","date_gmt":"2023-04-11T16:20:09","guid":{"rendered":"https:\/\/ambasciatapraga.esteri.it\/?page_id=74"},"modified":"2025-10-03T11:49:57","modified_gmt":"2025-10-03T09:49:57","slug":"autoveicoli-e-patenti-di-guida","status":"publish","type":"page","link":"https:\/\/ambzagabria.esteri.it\/it\/servizi-consolari-e-visti\/servizi-per-il-cittadino-italiano\/autoveicoli-e-patenti-di-guida\/","title":{"rendered":"Autoveicoli e patenti di guida"},"content":{"rendered":"<p>Per informazioni dettagliate in materia di patenti di guida e autoveicoli, oltre quelle di seguito disponibili, consultare la pagina specificatamente dedicata nella sezione Servizi Consolari del sito web del Ministero degli Affari Esteri:\u00a0<a href=\"https:\/\/www.esteri.it\/it\/servizi-consolari-e-visti\/italiani-all-estero\/autoveicoli_e_patenti\/\">Autoveicoli e Patenti<\/a><\/p>\n<p>I connazionali che si recano in Croazia per brevi periodi possono circolare utilizzando la patente di guida italiana in quanto, in base alla Direttiva comunitaria 2006\/126\/CE del 20 dicembre 2006, gli Stati membri dell&#8217;UE e quelli aderenti allo Spazio economico europeo (SEE) riconoscono le patenti di guida rilasciate dalle rispettive Autorit\u00e0.<br \/>\nI connazionali che stabiliscono la loro residenza in Croazia possono convertire (\u00e8 una facolt\u00e0, non un obbligo) la patente di guida italiana. Per richiedere la conversione (che consiste nel rilascio di una nuova patente) la patente deve essere in corso di validit\u00e0 ed \u00e8 necessario rivolgersi alle Autorit\u00e0 locali.<\/p>\n<p>&nbsp;<\/p>\n<p><strong>Radiazione dal PRA<\/strong><br \/>\nPer richiedere la cancellazione dal PRA di veicoli esportati a partire dal 1 gennaio 2020 i connazionali non possono pi\u00f9 rivolgersi alla Cancelleria Consolare.<br \/>\nPer esportare definitivamente un veicolo all&#8217;estero si dovr\u00e0 prima richiedere la radiazione del veicolo dal Pubblico Registro Automobilistico (PRA), in modo da consentire il controllo dell&#8217;avvenuta revisione nei tempi stabiliti dalla legge.<br \/>\nUna volta effettuata la radiazione, il veicolo cancellato potr\u00e0 circolare per raggiungere i transiti di confine per l&#8217;esportazione solo se munito del foglio di via e della targa provvisoria.<br \/>\nPer le richieste di radiazione di veicoli esportati entro il 31 dicembre 2019 si prega di contattare la Cancelleria Consolare scrivendo un\u2019e-mail all\u2019indirizzo\u00a0<a href=\"mailto:consolare.ambzagabria@esteri.it\">consolare.ambzagabria@esteri.it<\/a>.<\/p>\n<p>&nbsp;<\/p>\n<p style=\"text-align: right;\">aggiornato il 13\/11\/2020<\/p>\n","protected":false},"excerpt":{"rendered":"Per informazioni dettagliate in materia di patenti di guida e autoveicoli, oltre quelle di seguito disponibili, consultare la pagina specificatamente dedicata nella sezione Servizi Consolari del sito web del Ministero degli Affari Esteri:\u00a0Autoveicoli e Patenti I connazionali che si recano in Croazia per brevi periodi possono circolare utilizzando la patente di guida italiana in quanto, [&hellip;]","protected":false},"author":1,"featured_media":0,"parent":47,"menu_order":16,"comment_status":"closed","ping_status":"closed","template":"","meta":{"footnotes":""},"class_list":["post-74","page","type-page","status-publish","hentry"],"_links":{"self":[{"href":"https:\/\/ambzagabria.esteri.it\/it\/wp-json\/wp\/v2\/pages\/74","targetHints":{"allow":["GET"]}}],"collection":[{"href":"https:\/\/ambzagabria.esteri.it\/it\/wp-json\/wp\/v2\/pages"}],"about":[{"href":"https:\/\/ambzagabria.esteri.it\/it\/wp-json\/wp\/v2\/types\/page"}],"author":[{"embeddable":true,"href":"https:\/\/ambzagabria.esteri.it\/it\/wp-json\/wp\/v2\/users\/1"}],"replies":[{"embeddable":true,"href":"https:\/\/ambzagabria.esteri.it\/it\/wp-json\/wp\/v2\/comments?post=74"}],"version-history":[{"count":4,"href":"https:\/\/ambzagabria.esteri.it\/it\/wp-json\/wp\/v2\/pages\/74\/revisions"}],"predecessor-version":[{"id":4576,"href":"https:\/\/ambzagabria.esteri.it\/it\/wp-json\/wp\/v2\/pages\/74\/revisions\/4576"}],"up":[{"embeddable":true,"href":"https:\/\/ambzagabria.esteri.it\/it\/wp-json\/wp\/v2\/pages\/47"}],"wp:attachment":[{"href":"https:\/\/ambzagabria.esteri.it\/it\/wp-json\/wp\/v2\/media?parent=74"}],"curies":[{"name":"wp","href":"https:\/\/api.w.org\/{rel}","templated":true}]}}